{"id":10964,"date":"2022-08-10T20:44:24","date_gmt":"2022-08-10T18:44:24","guid":{"rendered":"https:\/\/larsdamkjaer.com\/?page_id=10964"},"modified":"2026-03-16T11:08:10","modified_gmt":"2026-03-16T10:08:10","slug":"handelsbetingelser","status":"publish","type":"page","link":"https:\/\/larsdamkjaer.com\/en\/handelsbetingelser\/","title":{"rendered":"Handelsbetingelser"},"content":{"rendered":"<section class=\"vc_row liquid-row-shadowbox-6a080cf790b1c\"><div class=\"ld-container container\"><div class=\"row ld-row ld-row-outer\"><div class=\"wpb_column vc_column_container vc_col-sm-12 liquid-column-6a080cf791153\"><div class=\"vc_column-inner\" ><div class=\"wpb_wrapper\"  >\n\t<div class=\"wpb_text_column wpb_content_element\" >\n\t\t<div class=\"wpb_wrapper\">\n\t\t\t<p>&nbsp;<\/p>\n<h1>Handelsbetingelser<\/h1>\n<p><strong>1. Aftalegrundlag<\/strong><br \/>\nVed handel hos N\u00e6rv\u00e6r v\/ Lars Damkj\u00e6r accepterer du automatisk at have l\u00e6st og accepteret nedenst\u00e5ende salgs- og leveringsbetingelser. Fravigelse er kun gyldig ved N\u00e6rv\u00e6r v\/ Lars Damkj\u00e6r udtrykkelige og skriftlige accept heraf.<\/p>\n<p><strong>2. Indg\u00e5else af aftale\/k\u00f8b<\/strong><br \/>\nN\u00e5r du bestiller et produkt p\u00e5 larsdamkjaer.com sender vi dig efterf\u00f8lgende, via mail, en ordrebekr\u00e6ftelse. Vi lagrer ingen data, som du giver oplysninger om, og bruger kun oplysningerne i forhold til betaling og forsendelse.<\/p>\n<p>De oplysninger du efter gennemf\u00f8rt k\u00f8b vil modtage via mail er f\u00f8lgende:<\/p>\n<ul>\n<li>Ordrenummer<\/li>\n<li>Fornavn og efternavn<\/li>\n<li>Adresse 1 og evt. adresse 2 (fx leveringsadresse)<\/li>\n<li>Betalingsform<\/li>\n<li>Oversigt\/beskrivelse af de(t) bestilte produkt(et)<\/li>\n<li>Opfordring til at printe kvittering<\/li>\n<\/ul>\n<p><strong>3. Accept af elektronisk kommunikation (Juridisk bindende)<\/strong><br \/>\nVed k\u00f8b online af et N\u00e6rv\u00e6r v\/ Lars Damkj\u00e6r produkt accepterer du, at kommunikation og meddelelser til den af dig meddelte mailadresse. Du accepterer herved, at elektroniske meddelelser har samme juridiske retsvirkning som s\u00e5danne, der ikke fremsendes som elektronisk post.<\/p>\n<p><strong>4. Priser<\/strong><br \/>\nAlle priser hos N\u00e6rv\u00e6r v\/ Lars Damkj\u00e6r er angivet i danske kroner (DKK) og er inklusiv 25 % moms. For ydelser, der hidtil har v\u00e6ret momsfrie (herunder retreats, kurser og workshops), er prisen inklusiv moms senest pr. 1. januar 2026. Fragt- og leveringsomkostninger, eventuelle betalingskort- og bankgebyr oplyses inden k\u00f8b. Transaktionsgebyrer i forbindelse med k\u00f8b gennem tilknyttet betalingsgateways p\u00e5ligger N\u00e6rv\u00e6r v\/ larsdamkjaer.com.<br \/>\nBestiller du fra et andet EU-land, betales der dansk moms, men ingen told, jf. reglerne om varernes frie bev\u00e6gelighed. Bestiller du derimod vore produkter fra et land, der ligger uden for EU-omr\u00e5det, kan der blive p\u00e5f\u00f8rt lokale skatter og told, som du som k\u00f8ber selv er ansvarlig for afregning af.<\/p>\n<p><strong>5. Betalingsbetingelser<\/strong><br \/>\nBetaling for bestilte varer kan ske online gennem <a href=\"https:\/\/scanpay.dk\/\" target=\"_blank\" rel=\"noopener\">Scanpay<\/a>.<br \/>\nBetaling tr\u00e6kkes f\u00f8rst n\u00e5r produkterne afsendes fra vores lager.<\/p>\n<p><strong>6. Fortrydelsesret<\/strong><br \/>\nDu har 14 dages fortrydelsesret fra det tidspunkt varen modtages. Udnyttelse af fortrydelsesretten kan ske ved at returnere varen til nedenst\u00e5ende adresse. Ved returnering medsendes fakturanummer, kopi af faktura eller anden identifikation af k\u00f8bsaftalen. Fragtomkostninger ved returnering p\u00e5ligger kunden. Den returnerede vares emballagebeskyttelse skal v\u00e6re intakt og i samme stand som ved levering.<\/p>\n<p>Fortrydelsesretten er dog ikke gyldig ved k\u00f8b af alle korte kurser og workshops, og bel\u00f8bet er ikke-refunderbar. Denne information fremst\u00e5r tydeligt p\u00e5 det enkelte produkts beskrivelse.<\/p>\n<p><strong>S\u00e6rlige betingelser for Kurser &amp; Workshops<\/strong><br \/>\nDa kurser og workshops er tidsbestemte ydelser, g\u00e6lder f\u00f8lgende:<\/p>\n<p>Tilmelding er bindende og bel\u00f8bet ikke-refunderbart. Man er dog velkommen til at videregive sin plads til en anden. Du kan kun blive flyttet til et fremtidigt event, s\u00e5fremt der er en p\u00e5 ventelisten, der kan overtage din plads.<\/p>\n<p><strong>7. Reklamation<\/strong><br \/>\nHvis du modtager en vare med fejl, skal du hurtigst muligt reklamere, og senest inden der er g\u00e5et 2 \u00e5r. Kunden betaler leveringsomkostningerne ved tilbageforsendelsen. Ved reklamation oplyses fakturanummer eller anden identifikation af k\u00f8bsaftalen.<\/p>\n<p>Returnering eller reklamation kan ske til:<\/p>\n<p>N\u00e6rv\u00e6r v\/ Lars Damkj\u00e6r<br \/>\nRued Langgaards Vej 13, st.th<br \/>\n2300 K\u00f8benhavn S<\/p>\n<p>Telefon: (+45) 26\u00a018\u00a003\u00a049<br \/>\nMail: <a href=\"mailto:lars@larsdamkjaer.com\">lars@larsdamkjaer.com<\/a><br \/>\nCVR: 27547567<\/p>\n<p><strong>8. Levering<\/strong><br \/>\nHurtigst muligt og indenfor 3-4 hverdage. \u00d8nsker du en bestemt leveringsdato er du velkommen til at skrive det under \u201ckommentar\u201d. Er den \u00f8nskede produkt i restordre, kan du v\u00e6lge at modtage en besked p\u00e5 mail n\u00e5r titlen igen er p\u00e5 lager. Dine varer sendes med DAO.<\/p>\n<p><strong>9. Force majeure (krig, strejke, ildsv\u00e5de etc.)<\/strong><br \/>\nEnhver ordre modtages under forbehold for Force Majeure herunder krig, borgerlige uroligheder, naturkatastrofer, strejker og lockout, svigtende forsyninger af r\u00e5materialer, ildebrand, beskadigelse af N\u00e6rv\u00e6r v\/ Lars Damkj\u00e6r leverand\u00f8rers produktionsapparat, svigtende transportmuligheder, import\/eksportforbud eller enhver anden begivenhed, som hindrer eller begr\u00e6nser N\u00e6rv\u00e6r v\/ Lars Damkj\u00e6r leverand\u00f8rers muligheder for at levere. N\u00e6rv\u00e6r v\/ Lars Damkj\u00e6r har i tilf\u00e6lde af Force Majeure valget mellem at h\u00e6ve handlen eller levere den aftalte vare, s\u00e5 snart hindringen for normal leverance er bortfaldet. N\u00e6rv\u00e6r v\/ Lars Damkj\u00e6r er i tilf\u00e6lde af Force Majeure uden ansvar for ethvert tab hos k\u00f8beren som f\u00f8lge af manglende levering.<\/p>\n<p><strong>10. Ansvarsbegr\u00e6nsning<\/strong><br \/>\nN\u00e6rv\u00e6r v\/ Lars Damkj\u00e6r h\u00e6fter ikke for driftstab, avancetab eller andre indirekte tab i forbindelse med aftalen om k\u00f8b af N\u00e6rv\u00e6r v\/ Lars Damkj\u00e6r produkter.<\/p>\n<p>Et erstatningskrav over for N\u00e6rv\u00e6r v\/ Lars Damkj\u00e6r kan ikke overstige fakturabel\u00f8bet for den solgte vare\/genstand. I forbruger k\u00f8b har forbrugeren ret til erstatning, s\u00e5fremt betingelserne herfor er til stede, jf. k\u00f8belovens \u00a7 80.<\/p>\n<p><strong>11. Produktansvar<\/strong><br \/>\nN\u00e6rv\u00e6r v\/ Lars Damkj\u00e6r produktansvar f\u00f8lger dansk rets almindelige regler herom, og i det omfang det ikke f\u00f8lger ufravigelige retsregler er N\u00e6rv\u00e6r v\/ Lars Damkj\u00e6r ikke ansvarlig for driftstab, avancetab eller andet indirekte tab som f\u00f8lge af produktfejl.<\/p>\n<p><strong>12. Tvister<\/strong><br \/>\nTvister afg\u00f8res efter dansk ret med K\u00f8benhavns Byret som v\u00e6rneting, medmindre andet f\u00f8lger af ufravigelige regler for forbrugere.<\/p>\n<p>Betingelserne er senest opdateret den 20. december 2025.<\/p>\n\n\t\t<\/div>\n\t<\/div>\n<\/div><\/div><\/div><\/div><\/div><\/section>","protected":false},"excerpt":{"rendered":"&nbsp; Handelsbetingelser 1. Aftalegrundlag Ved handel hos N\u00e6rv\u00e6r v\/ Lars Damkj\u00e6r accepterer du automatisk at have l\u00e6st og accepteret nedenst\u00e5ende salgs- og leveringsbetingelser. Fravigelse er kun gyldig ved N\u00e6rv\u00e6r v\/ [...]","protected":false},"author":1,"featured_media":0,"parent":0,"menu_order":0,"comment_status":"closed","ping_status":"closed","template":"","meta":{"footnotes":""},"class_list":["post-10964","page","type-page","status-publish","hentry"],"yoast_head":"<!-- This site is optimized with the Yoast SEO plugin v27.1.1 - https:\/\/yoast.com\/product\/yoast-seo-wordpress\/ -->\n<title>Handelsbetingelser &#8226; Lars Damkj\u00e6r<\/title>\n<meta name=\"robots\" content=\"index, follow, max-snippet:-1, max-image-preview:large, max-video-preview:-1\" \/>\n<link rel=\"canonical\" href=\"https:\/\/larsdamkjaer.com\/en\/handelsbetingelser\/\" \/>\n<meta property=\"og:locale\" content=\"en_US\" \/>\n<meta property=\"og:type\" content=\"article\" \/>\n<meta property=\"og:title\" content=\"Handelsbetingelser &#8226; Lars Damkj\u00e6r\" \/>\n<meta property=\"og:url\" content=\"https:\/\/larsdamkjaer.com\/en\/handelsbetingelser\/\" \/>\n<meta property=\"og:site_name\" content=\"Lars Damkj\u00e6r\" \/>\n<meta property=\"article:publisher\" content=\"https:\/\/www.facebook.com\/mindrestressmerenaervaer\" \/>\n<meta property=\"article:modified_time\" content=\"2026-03-16T10:08:10+00:00\" \/>\n<meta name=\"twitter:card\" content=\"summary_large_image\" \/>\n<meta name=\"twitter:label1\" content=\"Est. reading time\" \/>\n\t<meta name=\"twitter:data1\" content=\"5 minutes\" \/>\n<script type=\"application\/ld+json\" class=\"yoast-schema-graph\">{\"@context\":\"https:\/\/schema.org\",\"@graph\":[{\"@type\":\"WebPage\",\"@id\":\"https:\/\/larsdamkjaer.com\/handelsbetingelser\/\",\"url\":\"https:\/\/larsdamkjaer.com\/handelsbetingelser\/\",\"name\":\"Handelsbetingelser &#8226; Lars Damkj\u00e6r\",\"isPartOf\":{\"@id\":\"https:\/\/larsdamkjaer.com\/#website\"},\"datePublished\":\"2022-08-10T18:44:24+00:00\",\"dateModified\":\"2026-03-16T10:08:10+00:00\",\"breadcrumb\":{\"@id\":\"https:\/\/larsdamkjaer.com\/handelsbetingelser\/#breadcrumb\"},\"inLanguage\":\"en-US\",\"potentialAction\":[{\"@type\":\"ReadAction\",\"target\":[\"https:\/\/larsdamkjaer.com\/handelsbetingelser\/\"]}]},{\"@type\":\"BreadcrumbList\",\"@id\":\"https:\/\/larsdamkjaer.com\/handelsbetingelser\/#breadcrumb\",\"itemListElement\":[{\"@type\":\"ListItem\",\"position\":1,\"name\":\"Hjem\",\"item\":\"https:\/\/larsdamkjaer.com\/\"},{\"@type\":\"ListItem\",\"position\":2,\"name\":\"Handelsbetingelser\"}]},{\"@type\":\"WebSite\",\"@id\":\"https:\/\/larsdamkjaer.com\/#website\",\"url\":\"https:\/\/larsdamkjaer.com\/\",\"name\":\"Lars Damkj\u00e6r\",\"description\":\"Mindre stress, mere n\u00e6rv\u00e6r\",\"publisher\":{\"@id\":\"https:\/\/larsdamkjaer.com\/#organization\"},\"potentialAction\":[{\"@type\":\"SearchAction\",\"target\":{\"@type\":\"EntryPoint\",\"urlTemplate\":\"https:\/\/larsdamkjaer.com\/?s={search_term_string}\"},\"query-input\":{\"@type\":\"PropertyValueSpecification\",\"valueRequired\":true,\"valueName\":\"search_term_string\"}}],\"inLanguage\":\"en-US\"},{\"@type\":\"Organization\",\"@id\":\"https:\/\/larsdamkjaer.com\/#organization\",\"name\":\"N\u00e6rv\u00e6r\",\"url\":\"https:\/\/larsdamkjaer.com\/\",\"logo\":{\"@type\":\"ImageObject\",\"inLanguage\":\"en-US\",\"@id\":\"https:\/\/larsdamkjaer.com\/#\/schema\/logo\/image\/\",\"url\":\"https:\/\/larsdamkjaer.com\/wp-content\/uploads\/2016\/10\/larsdamkjaerlogo.png\",\"contentUrl\":\"https:\/\/larsdamkjaer.com\/wp-content\/uploads\/2016\/10\/larsdamkjaerlogo.png\",\"width\":594,\"height\":125,\"caption\":\"N\u00e6rv\u00e6r\"},\"image\":{\"@id\":\"https:\/\/larsdamkjaer.com\/#\/schema\/logo\/image\/\"},\"sameAs\":[\"https:\/\/www.facebook.com\/mindrestressmerenaervaer\",\"https:\/\/www.instagram.com\/larsdamkjaer\/?hl=da\"]}]}<\/script>\n<!-- \/ Yoast SEO plugin. -->","yoast_head_json":{"title":"Handelsbetingelser &#8226; Lars Damkj\u00e6r","robots":{"index":"index","follow":"follow","max-snippet":"max-snippet:-1","max-image-preview":"max-image-preview:large","max-video-preview":"max-video-preview:-1"},"canonical":"https:\/\/larsdamkjaer.com\/en\/handelsbetingelser\/","og_locale":"en_US","og_type":"article","og_title":"Handelsbetingelser &#8226; Lars Damkj\u00e6r","og_url":"https:\/\/larsdamkjaer.com\/en\/handelsbetingelser\/","og_site_name":"Lars Damkj\u00e6r","article_publisher":"https:\/\/www.facebook.com\/mindrestressmerenaervaer","article_modified_time":"2026-03-16T10:08:10+00:00","twitter_card":"summary_large_image","twitter_misc":{"Est. reading time":"5 minutes"},"schema":{"@context":"https:\/\/schema.org","@graph":[{"@type":"WebPage","@id":"https:\/\/larsdamkjaer.com\/handelsbetingelser\/","url":"https:\/\/larsdamkjaer.com\/handelsbetingelser\/","name":"Handelsbetingelser &#8226; Lars Damkj\u00e6r","isPartOf":{"@id":"https:\/\/larsdamkjaer.com\/#website"},"datePublished":"2022-08-10T18:44:24+00:00","dateModified":"2026-03-16T10:08:10+00:00","breadcrumb":{"@id":"https:\/\/larsdamkjaer.com\/handelsbetingelser\/#breadcrumb"},"inLanguage":"en-US","potentialAction":[{"@type":"ReadAction","target":["https:\/\/larsdamkjaer.com\/handelsbetingelser\/"]}]},{"@type":"BreadcrumbList","@id":"https:\/\/larsdamkjaer.com\/handelsbetingelser\/#breadcrumb","itemListElement":[{"@type":"ListItem","position":1,"name":"Hjem","item":"https:\/\/larsdamkjaer.com\/"},{"@type":"ListItem","position":2,"name":"Handelsbetingelser"}]},{"@type":"WebSite","@id":"https:\/\/larsdamkjaer.com\/#website","url":"https:\/\/larsdamkjaer.com\/","name":"Lars Damkj\u00e6r","description":"Mindre stress, mere n\u00e6rv\u00e6r","publisher":{"@id":"https:\/\/larsdamkjaer.com\/#organization"},"potentialAction":[{"@type":"SearchAction","target":{"@type":"EntryPoint","urlTemplate":"https:\/\/larsdamkjaer.com\/?s={search_term_string}"},"query-input":{"@type":"PropertyValueSpecification","valueRequired":true,"valueName":"search_term_string"}}],"inLanguage":"en-US"},{"@type":"Organization","@id":"https:\/\/larsdamkjaer.com\/#organization","name":"N\u00e6rv\u00e6r","url":"https:\/\/larsdamkjaer.com\/","logo":{"@type":"ImageObject","inLanguage":"en-US","@id":"https:\/\/larsdamkjaer.com\/#\/schema\/logo\/image\/","url":"https:\/\/larsdamkjaer.com\/wp-content\/uploads\/2016\/10\/larsdamkjaerlogo.png","contentUrl":"https:\/\/larsdamkjaer.com\/wp-content\/uploads\/2016\/10\/larsdamkjaerlogo.png","width":594,"height":125,"caption":"N\u00e6rv\u00e6r"},"image":{"@id":"https:\/\/larsdamkjaer.com\/#\/schema\/logo\/image\/"},"sameAs":["https:\/\/www.facebook.com\/mindrestressmerenaervaer","https:\/\/www.instagram.com\/larsdamkjaer\/?hl=da"]}]}},"_links":{"self":[{"href":"https:\/\/larsdamkjaer.com\/en\/wp-json\/wp\/v2\/pages\/10964","targetHints":{"allow":["GET"]}}],"collection":[{"href":"https:\/\/larsdamkjaer.com\/en\/wp-json\/wp\/v2\/pages"}],"about":[{"href":"https:\/\/larsdamkjaer.com\/en\/wp-json\/wp\/v2\/types\/page"}],"author":[{"embeddable":true,"href":"https:\/\/larsdamkjaer.com\/en\/wp-json\/wp\/v2\/users\/1"}],"replies":[{"embeddable":true,"href":"https:\/\/larsdamkjaer.com\/en\/wp-json\/wp\/v2\/comments?post=10964"}],"version-history":[{"count":10,"href":"https:\/\/larsdamkjaer.com\/en\/wp-json\/wp\/v2\/pages\/10964\/revisions"}],"predecessor-version":[{"id":15069,"href":"https:\/\/larsdamkjaer.com\/en\/wp-json\/wp\/v2\/pages\/10964\/revisions\/15069"}],"wp:attachment":[{"href":"https:\/\/larsdamkjaer.com\/en\/wp-json\/wp\/v2\/media?parent=10964"}],"curies":[{"name":"wp","href":"https:\/\/api.w.org\/{rel}","templated":true}]}}