{"id":1312,"date":"2014-10-08T11:14:50","date_gmt":"2014-10-08T11:14:50","guid":{"rendered":"https:\/\/larsdamkjaer.com\/?page_id=1312"},"modified":"2024-01-18T09:43:40","modified_gmt":"2024-01-18T08:43:40","slug":"mindfulness-business","status":"publish","type":"page","link":"https:\/\/larsdamkjaer.com\/en\/mindfulness-business\/","title":{"rendered":"Mental sundhed p\u00e5 arbejdspladsen"},"content":{"rendered":"<style>@media (min-width: 992px) { .liquid-row-responsive-6a08004515d94 {padding-top:60px !important;  }  }    <\/style><section class=\"vc_row vc_custom_1677514237518 liquid-row-responsive-6a08004515d94 liquid-row-shadowbox-6a08004515db3\"><div class=\"ld-container container-fluid\"><div class=\"row ld-row ld-row-outer\"><style>@media (min-width: 768px) { .liquid-column-responsive-6a08004516420 > .vc_column-inner {margin-bottom:30px !important;  }  } @media (min-width: 992px) { .liquid-column-responsive-6a08004516420 > .vc_column-inner {margin-top:3px !important; margin-bottom:0px !important; padding-right:15px !important;  }  } @media (min-width: 1200px) { .liquid-column-responsive-6a08004516420 > .vc_column-inner {margin-bottom:0px !important; padding-right:15px !important;  }  } <\/style><div class=\"wpb_column vc_column_container vc_col-sm-12 vc_col-lg-6 vc_col-md-6 vc_col-xs-12 liquid-column-6a0800451641e liquid-column-responsive-6a08004516420\"><div class=\"vc_column-inner  vc_custom_1677514373755\" ><div class=\"wpb_wrapper\"  >\n\t<div  class=\"wpb_single_image wpb_content_element vc_align_  liquid_vc_single_image-6a08004516ac6\">\n\t\t\n\t\t<figure class=\"wpb_wrapper vc_figure\">\n\t\t\t<div class=\"vc_single_image-wrapper\"><img loading=\"lazy\" decoding=\"async\" width=\"1280\" height=\"1920\" src=\"https:\/\/larsdamkjaer.com\/wp-content\/uploads\/2020\/08\/399A6214-scaled.jpg\" class=\"vc_single_image-img attachment-full\" alt=\"\" title=\"399A6214\" srcset=\"https:\/\/larsdamkjaer.com\/wp-content\/uploads\/2020\/08\/399A6214-scaled.jpg 1280w, https:\/\/larsdamkjaer.com\/wp-content\/uploads\/2020\/08\/399A6214-scaled-600x900.jpg 600w, https:\/\/larsdamkjaer.com\/wp-content\/uploads\/2020\/08\/399A6214-768x1152.jpg 768w, https:\/\/larsdamkjaer.com\/wp-content\/uploads\/2020\/08\/399A6214-1024x1536.jpg 1024w, https:\/\/larsdamkjaer.com\/wp-content\/uploads\/2020\/08\/399A6214-1365x2048.jpg 1365w, https:\/\/larsdamkjaer.com\/wp-content\/uploads\/2020\/08\/399A6214-420x630.jpg 420w, https:\/\/larsdamkjaer.com\/wp-content\/uploads\/2020\/08\/399A6214-860x1290.jpg 860w, https:\/\/larsdamkjaer.com\/wp-content\/uploads\/2020\/08\/399A6214-scaled-8x12.jpg 8w\" sizes=\"auto, (max-width: 1280px) 100vw, 1280px\" \/><\/div>\n\t\t<\/figure>\n\t<\/div>\n<\/div><\/div><\/div><style>@media (min-width: 992px) { .liquid-column-responsive-6a08004516e8e > .vc_column-inner {padding-left:15px !important;  }  } @media (min-width: 1200px) { .liquid-column-responsive-6a08004516e8e > .vc_column-inner {padding-left:15px !important;  }  } <\/style><div class=\"wpb_column vc_column_container vc_col-sm-12 vc_col-lg-6 vc_col-md-6 vc_col-xs-12 liquid-column-6a08004516e8d liquid-column-responsive-6a08004516e8e\"><div class=\"vc_column-inner\" ><div class=\"wpb_wrapper\"  >\n\t<div class=\"wpb_text_column wpb_content_element\" >\n\t\t<div class=\"wpb_wrapper\">\n\t\t\t<h1>Mindfulness<\/h1>\n<h2>&#8211; mental sundhed p\u00e5 arbejdspladsen<\/h2>\n<p>Det har l\u00e6nge v\u00e6ret videnskabeligt bevist, at mindfulness meditation p\u00e5virker hjernen positivt. Nervesystemet afbalanceres, og de centre i hjernen, der er knyttet til kompleks og kreativ t\u00e6nkning udvikles. Vi skifter s\u00e5 at sige vores \u2018monkey mindset\u2019, der er baseret p\u00e5 frygt og brandslukning, ud med mere avanceret t\u00e6nkning og bevidsthed. Det kan m\u00e5les og ses p\u00e5 b\u00e5de sygefrav\u00e6r, trivsel og ikke mindst p\u00e5 de kreative output, der produceres.<\/p>\n<p>Lars Damkj\u00e6r tilrettel\u00e6gger mindfulness events og forl\u00f8b skr\u00e6ddersyet til firmaets behov og \u00f8nsker og har mange \u00e5rs erfaring med dette.<\/p>\n<ul>\n<li>Tr\u00e6ning i at holde genopladende pauser via simple teknikker, der virker.<\/li>\n<li>Stressforebyggelse og -h\u00e5ndtering<\/li>\n<li>L\u00e6re at respondere kreativt og alsidigt frem for reaktivt og p\u00e5 autopilot.<\/li>\n<li>N\u00e6rv\u00e6r og empati i relationer som udgangspunkt for kommunikation.<\/li>\n<\/ul>\n<p><strong>Mere info og booking:<\/strong> <a href=\"mailto:lars@larsdamkjaer.com\">lars@larsdamkjaer.com<\/a> \/ tlf: 26180349<\/p>\n\n\t\t<\/div>\n\t<\/div>\n\n\t<div class=\"wpb_text_column wpb_content_element  vc_custom_1677791528432\" >\n\t\t<div class=\"wpb_wrapper\">\n\t\t\t<p><em>\u201cI en verden der hastigt \u00e6ndrer sig og som stiller st\u00f8rre og st\u00f8rre krav til os b\u00e5de personligt og som medarbejdere\/kollegaer p\u00e5 en arbejdsplads, er det vigtigt at f\u00e5 styrket sin personlige indsigt og v\u00e6rkt\u00f8jer til at v\u00e6re til stede i dialogen med kollegaer og kunder.\u00a0I vores organisation ser vi p\u00e5 medarbejderne som hele mennesker og derfor har vi valgt at tilbyde mindfulness tr\u00e6ning til de af vores medarbejdere, som m\u00e5tte \u00f8nske dette. Lars Damkj\u00e6r hj\u00e6lper os med at udvikle disse kompetencer og feedback fra deltagerne er meget positivt. Jeg kan varmt anbefale Lars og hans undervisning i Mindfulness.\u201d<br \/>\n<\/em><strong>Peter \u00d8stergaard, partner &amp; CEO, Delegate<\/strong><\/p>\n<p><em>\u201cLars forener spiritualitet, n\u00e6rv\u00e6r og kommunikation i \u00e9n ukompliceret og flydende bev\u00e6gelse. Man bydes velkommen af hans inkluderende v\u00e6sen, hvor levende forestillinger om et st\u00e6rkt, balanceret og nysgerrigt liv h\u00f8rer hjemme. Hans s\u00e6rligt godt indtalte, danske meditationer, tager lytteren med p\u00e5 en sp\u00e6ndende og tryg rejse ind i det uendelige univers.\u201d<br \/>\n<\/em><strong>Tony Schj\u00f8nning, iv\u00e6rks\u00e6tter, tekstforfatter &amp; grundl\u00e6gger af Bricks<\/strong><\/p>\n\n\t\t<\/div>\n\t<\/div>\n<\/div><\/div><\/div><\/div><\/div><\/section>","protected":false},"excerpt":{"rendered":"Mindfulness - mental sundhed p\u00e5 arbejdspladsen Det har l\u00e6nge v\u00e6ret videnskabeligt bevist, at mindfulness meditation p\u00e5virker hjernen positivt. Nervesystemet afbalanceres, og de centre i hjernen, der er knyttet til kompleks [...]","protected":false},"author":1,"featured_media":0,"parent":0,"menu_order":0,"comment_status":"closed","ping_status":"closed","template":"","meta":{"footnotes":""},"class_list":["post-1312","page","type-page","status-publish","hentry"],"yoast_head":"<!-- This site is optimized with the Yoast SEO plugin v27.1.1 - https:\/\/yoast.com\/product\/yoast-seo-wordpress\/ -->\n<title>Mental sundhed p\u00e5 arbejdspladsen &#8226; Lars Damkj\u00e6r<\/title>\n<meta name=\"robots\" content=\"index, follow, max-snippet:-1, max-image-preview:large, max-video-preview:-1\" \/>\n<link rel=\"canonical\" href=\"https:\/\/larsdamkjaer.com\/en\/mindfulness-business\/\" \/>\n<meta property=\"og:locale\" content=\"en_US\" \/>\n<meta property=\"og:type\" content=\"article\" \/>\n<meta property=\"og:title\" content=\"Mental sundhed p\u00e5 arbejdspladsen &#8226; Lars Damkj\u00e6r\" \/>\n<meta property=\"og:url\" content=\"https:\/\/larsdamkjaer.com\/en\/mindfulness-business\/\" \/>\n<meta property=\"og:site_name\" content=\"Lars Damkj\u00e6r\" \/>\n<meta property=\"article:publisher\" content=\"https:\/\/www.facebook.com\/mindrestressmerenaervaer\" \/>\n<meta property=\"article:modified_time\" content=\"2024-01-18T08:43:40+00:00\" \/>\n<meta name=\"twitter:card\" content=\"summary_large_image\" \/>\n<meta name=\"twitter:label1\" content=\"Est. reading time\" \/>\n\t<meta name=\"twitter:data1\" content=\"2 minutes\" \/>\n<script type=\"application\/ld+json\" class=\"yoast-schema-graph\">{\"@context\":\"https:\/\/schema.org\",\"@graph\":[{\"@type\":\"WebPage\",\"@id\":\"https:\/\/larsdamkjaer.com\/mindfulness-business\/\",\"url\":\"https:\/\/larsdamkjaer.com\/mindfulness-business\/\",\"name\":\"Mental sundhed p\u00e5 arbejdspladsen &#8226; Lars Damkj\u00e6r\",\"isPartOf\":{\"@id\":\"https:\/\/larsdamkjaer.com\/#website\"},\"datePublished\":\"2014-10-08T11:14:50+00:00\",\"dateModified\":\"2024-01-18T08:43:40+00:00\",\"breadcrumb\":{\"@id\":\"https:\/\/larsdamkjaer.com\/mindfulness-business\/#breadcrumb\"},\"inLanguage\":\"en-US\",\"potentialAction\":[{\"@type\":\"ReadAction\",\"target\":[\"https:\/\/larsdamkjaer.com\/mindfulness-business\/\"]}]},{\"@type\":\"BreadcrumbList\",\"@id\":\"https:\/\/larsdamkjaer.com\/mindfulness-business\/#breadcrumb\",\"itemListElement\":[{\"@type\":\"ListItem\",\"position\":1,\"name\":\"Hjem\",\"item\":\"https:\/\/larsdamkjaer.com\/\"},{\"@type\":\"ListItem\",\"position\":2,\"name\":\"Mental sundhed p\u00e5 arbejdspladsen\"}]},{\"@type\":\"WebSite\",\"@id\":\"https:\/\/larsdamkjaer.com\/#website\",\"url\":\"https:\/\/larsdamkjaer.com\/\",\"name\":\"Lars Damkj\u00e6r\",\"description\":\"Mindre stress, mere n\u00e6rv\u00e6r\",\"publisher\":{\"@id\":\"https:\/\/larsdamkjaer.com\/#organization\"},\"potentialAction\":[{\"@type\":\"SearchAction\",\"target\":{\"@type\":\"EntryPoint\",\"urlTemplate\":\"https:\/\/larsdamkjaer.com\/?s={search_term_string}\"},\"query-input\":{\"@type\":\"PropertyValueSpecification\",\"valueRequired\":true,\"valueName\":\"search_term_string\"}}],\"inLanguage\":\"en-US\"},{\"@type\":\"Organization\",\"@id\":\"https:\/\/larsdamkjaer.com\/#organization\",\"name\":\"N\u00e6rv\u00e6r\",\"url\":\"https:\/\/larsdamkjaer.com\/\",\"logo\":{\"@type\":\"ImageObject\",\"inLanguage\":\"en-US\",\"@id\":\"https:\/\/larsdamkjaer.com\/#\/schema\/logo\/image\/\",\"url\":\"https:\/\/larsdamkjaer.com\/wp-content\/uploads\/2016\/10\/larsdamkjaerlogo.png\",\"contentUrl\":\"https:\/\/larsdamkjaer.com\/wp-content\/uploads\/2016\/10\/larsdamkjaerlogo.png\",\"width\":594,\"height\":125,\"caption\":\"N\u00e6rv\u00e6r\"},\"image\":{\"@id\":\"https:\/\/larsdamkjaer.com\/#\/schema\/logo\/image\/\"},\"sameAs\":[\"https:\/\/www.facebook.com\/mindrestressmerenaervaer\",\"https:\/\/www.instagram.com\/larsdamkjaer\/?hl=da\"]}]}<\/script>\n<!-- \/ Yoast SEO plugin. -->","yoast_head_json":{"title":"Mental sundhed p\u00e5 arbejdspladsen &#8226; Lars Damkj\u00e6r","robots":{"index":"index","follow":"follow","max-snippet":"max-snippet:-1","max-image-preview":"max-image-preview:large","max-video-preview":"max-video-preview:-1"},"canonical":"https:\/\/larsdamkjaer.com\/en\/mindfulness-business\/","og_locale":"en_US","og_type":"article","og_title":"Mental sundhed p\u00e5 arbejdspladsen &#8226; Lars Damkj\u00e6r","og_url":"https:\/\/larsdamkjaer.com\/en\/mindfulness-business\/","og_site_name":"Lars Damkj\u00e6r","article_publisher":"https:\/\/www.facebook.com\/mindrestressmerenaervaer","article_modified_time":"2024-01-18T08:43:40+00:00","twitter_card":"summary_large_image","twitter_misc":{"Est. reading time":"2 minutes"},"schema":{"@context":"https:\/\/schema.org","@graph":[{"@type":"WebPage","@id":"https:\/\/larsdamkjaer.com\/mindfulness-business\/","url":"https:\/\/larsdamkjaer.com\/mindfulness-business\/","name":"Mental sundhed p\u00e5 arbejdspladsen &#8226; Lars Damkj\u00e6r","isPartOf":{"@id":"https:\/\/larsdamkjaer.com\/#website"},"datePublished":"2014-10-08T11:14:50+00:00","dateModified":"2024-01-18T08:43:40+00:00","breadcrumb":{"@id":"https:\/\/larsdamkjaer.com\/mindfulness-business\/#breadcrumb"},"inLanguage":"en-US","potentialAction":[{"@type":"ReadAction","target":["https:\/\/larsdamkjaer.com\/mindfulness-business\/"]}]},{"@type":"BreadcrumbList","@id":"https:\/\/larsdamkjaer.com\/mindfulness-business\/#breadcrumb","itemListElement":[{"@type":"ListItem","position":1,"name":"Hjem","item":"https:\/\/larsdamkjaer.com\/"},{"@type":"ListItem","position":2,"name":"Mental sundhed p\u00e5 arbejdspladsen"}]},{"@type":"WebSite","@id":"https:\/\/larsdamkjaer.com\/#website","url":"https:\/\/larsdamkjaer.com\/","name":"Lars Damkj\u00e6r","description":"Mindre stress, mere n\u00e6rv\u00e6r","publisher":{"@id":"https:\/\/larsdamkjaer.com\/#organization"},"potentialAction":[{"@type":"SearchAction","target":{"@type":"EntryPoint","urlTemplate":"https:\/\/larsdamkjaer.com\/?s={search_term_string}"},"query-input":{"@type":"PropertyValueSpecification","valueRequired":true,"valueName":"search_term_string"}}],"inLanguage":"en-US"},{"@type":"Organization","@id":"https:\/\/larsdamkjaer.com\/#organization","name":"N\u00e6rv\u00e6r","url":"https:\/\/larsdamkjaer.com\/","logo":{"@type":"ImageObject","inLanguage":"en-US","@id":"https:\/\/larsdamkjaer.com\/#\/schema\/logo\/image\/","url":"https:\/\/larsdamkjaer.com\/wp-content\/uploads\/2016\/10\/larsdamkjaerlogo.png","contentUrl":"https:\/\/larsdamkjaer.com\/wp-content\/uploads\/2016\/10\/larsdamkjaerlogo.png","width":594,"height":125,"caption":"N\u00e6rv\u00e6r"},"image":{"@id":"https:\/\/larsdamkjaer.com\/#\/schema\/logo\/image\/"},"sameAs":["https:\/\/www.facebook.com\/mindrestressmerenaervaer","https:\/\/www.instagram.com\/larsdamkjaer\/?hl=da"]}]}},"_links":{"self":[{"href":"https:\/\/larsdamkjaer.com\/en\/wp-json\/wp\/v2\/pages\/1312","targetHints":{"allow":["GET"]}}],"collection":[{"href":"https:\/\/larsdamkjaer.com\/en\/wp-json\/wp\/v2\/pages"}],"about":[{"href":"https:\/\/larsdamkjaer.com\/en\/wp-json\/wp\/v2\/types\/page"}],"author":[{"embeddable":true,"href":"https:\/\/larsdamkjaer.com\/en\/wp-json\/wp\/v2\/users\/1"}],"replies":[{"embeddable":true,"href":"https:\/\/larsdamkjaer.com\/en\/wp-json\/wp\/v2\/comments?post=1312"}],"version-history":[{"count":2,"href":"https:\/\/larsdamkjaer.com\/en\/wp-json\/wp\/v2\/pages\/1312\/revisions"}],"predecessor-version":[{"id":13554,"href":"https:\/\/larsdamkjaer.com\/en\/wp-json\/wp\/v2\/pages\/1312\/revisions\/13554"}],"wp:attachment":[{"href":"https:\/\/larsdamkjaer.com\/en\/wp-json\/wp\/v2\/media?parent=1312"}],"curies":[{"name":"wp","href":"https:\/\/api.w.org\/{rel}","templated":true}]}}