{"id":8190,"date":"2018-08-06T17:32:15","date_gmt":"2018-08-06T15:32:15","guid":{"rendered":"https:\/\/larsdamkjaer.com\/?page_id=8190"},"modified":"2023-03-01T21:06:05","modified_gmt":"2023-03-01T20:06:05","slug":"privatlivspolitik-dataindsamling-og-cookies","status":"publish","type":"page","link":"https:\/\/larsdamkjaer.com\/en\/privatlivspolitik-dataindsamling-og-cookies\/","title":{"rendered":"Privatlivspolitik, dataindsamling og cookies"},"content":{"rendered":"<style>@media (min-width: 992px) { .liquid-row-responsive-6a080cf8d2a15 {padding-top:60px !important;  }  }    <\/style><section class=\"vc_row vc_custom_1677701114540 liquid-row-responsive-6a080cf8d2a15 liquid-row-shadowbox-6a080cf8d2a2e\"><div class=\"ld-container container\"><div class=\"row ld-row ld-row-outer\"><div class=\"wpb_column vc_column_container vc_col-sm-12 liquid-column-6a080cf8d2ffa\"><div class=\"vc_column-inner\" ><div class=\"wpb_wrapper\"  >\n\t<div class=\"wpb_text_column wpb_content_element\" >\n\t\t<div class=\"wpb_wrapper\">\n\t\t\t<h2>PRIVATPOLITIK DATAINDSAMLING OG COOKIES<strong>\u00a0<\/strong><\/h2>\n<p><strong>Behandling af personoplysninger<br \/>\n<\/strong>I forbindelse med dit k\u00f8b hos Lars Damkj\u00e6r har du indtastet en r\u00e6kke personoplysninger<\/p>\n<ul>\n<li>Dit navn \/ firmanavn<\/li>\n<li>Din adresse<\/li>\n<li>Din e-mailadresse<\/li>\n<li>Dit telefonnummer<\/li>\n<li>Dine betalingsoplysninger<\/li>\n<\/ul>\n<p>Disse personoplysninger benyttes ifm. gennemf\u00f8relsen af dit k\u00f8b, da det er n\u00f8dvendigt for at kunne opfylde vores del af handlen. Det er desuden et lovm\u00e6ssigt krav, at regnskabsmateriale gemmes i 5 \u00e5r.<\/p>\n<p><strong>Behandling af personoplysninger ifm nyhedsbrev<br \/>\n<\/strong>Du kan altid tilbagetr\u00e6kke dit samtykke og afmelde nyhedsbrevet. Dette kan du enten g\u00f8re ved at benytte linket i bunden af vores e-mails eller ved at kontakte mig p\u00e5 <a href=\"mailto:lars@larsdamkjaer.com\">lars@larsdamkjaer.com<\/a> og oplyse, at du ikke l\u00e6ngere \u00f8nsker at abonnere p\u00e5 det.<\/p>\n<p><strong>Datasikkerhed<br \/>\n<\/strong>Uanset om dine personoplysninger behandles med henblik p\u00e5 opfyldelsen af en kontrakt eller p\u00e5 baggrund af dit samtykke, vil dine personoplysninger altid blive behandlet sikkert og fortroligt i overensstemmelse med g\u00e6ldende lovgivning, herunder persondataforordningen og databeskyttelsesloven.<\/p>\n<p>Dine oplysninger vil alene blive anvendt til det form\u00e5l, de er indsamlet til, og vil blive slettet, n\u00e5r dette form\u00e5l er opfyldt eller ikke l\u00e6ngere relevant.<\/p>\n<p><strong>Tredjepart<br \/>\n<\/strong>Vi anvender tredjeparter til behandling af:<\/p>\n<ul>\n<li>Dine betalingsoplysninger \u2014Paypal og Freepay<\/li>\n<li>H\u00e5ndtering af nyhedsbreve via e-mail \u2014 Mailchimp<\/li>\n<li>Statistik \u2013 Google Analytics (opbevares i 26 m\u00e5neder)<\/li>\n<\/ul>\n<p>Vi har indg\u00e5et databehandleraftaler med disse databehandlere, hvilket er vores garanti for, at de overholder g\u00e6ldende regler om beskyttelse af dine personoplysninger.<\/p>\n<p><strong>Oplysning, indsigelse, \u00e6ndring, dataportabilitet og sletning<br \/>\n<\/strong>Du kan altid kontakte os for at f\u00e5 oplyst, hvilke af dine personoplysninger vi er i besiddelse af. Dette kan ske ved henvendelse til:<\/p>\n<p>Lars Damkj\u00e6r<br \/>\nCVR 27547567<br \/>\nRued Langgaards Vej 13 st th<br \/>\n2300 K\u00f8benhavn S<br \/>\nTlf.: 26180349<br \/>\nE-mail: <a href=\"mailto:lars@larsdamkjaer.com\">lars@larsdamkjaer.com<\/a><\/p>\n<p>Hvis du \u00f8nsker at klage over vores behandling af dine personoplysninger, kan dette ske til Datatilsynet, p\u00e5 adressen Borgergade 28,5., 1300 K\u00f8benhavn, telefon 33 19 32 00 e-mail: <a href=\"mailto:dt@datatilsynet.dk\" rel=\"noopener\">dt@datatilsynet.dk<\/a>.<\/p>\n<p><strong>Cookies<br \/>\n<\/strong>For at f\u00e5 vores website til at fungere bedst muligt l\u00e6gger vi sommetider sm\u00e5 datafiler, s\u00e5kaldte cookies, p\u00e5 din computer. Det g\u00f8r de fleste store websites.<\/p>\n<p>En cookie er en lille tekstfil, som et website gemmer p\u00e5 din computer eller dit mobiludstyr, n\u00e5r du bes\u00f8ger sitet. P\u00e5 den m\u00e5de kan websitet huske dine handlinger og indstillinger (s\u00e5som login, sprog, skriftst\u00f8rrelse og andre indstillinger for visning) i en vis periode, s\u00e5 du ikke beh\u00f8ver at foretage indstillingerne, hver gang du g\u00e5r ind p\u00e5 sitet eller bev\u00e6ger dig fra \u00e9n side til en anden.<\/p>\n<p><strong>S\u00e5dan sletter du cookies:<br \/>\n<\/strong>Du kan kontrollere og\/eller slette cookies, som du vil \u2013 l\u00e6s mere p\u00e5 aboutcookies.org. Du kan slette alle de cookies, der allerede er p\u00e5 din computer, og indstille de fleste browsere til at forhindre dem i at blive lagt p\u00e5 computeren. Hvis du g\u00f8r dette, skal du dog sandsynligvis selv tilpasse dine indstillinger manuelt, hver gang du bes\u00f8ger et site, og visse tjenester og funktioner vil muligvis ikke fungere.<\/p>\n<p><strong>N\u00e6rv\u00e6r app<\/strong><br \/>\nEjer: Lars Damkj\u00e6r<br \/>\nFirma: Mindre stress, mere n\u00e6rv\u00e6r<\/p>\n<p>Denne app har ingen aldersgr\u00e6nse.<br \/>\nVi indsamler ingen personlige data.<\/p>\n<p>For mere uddybende information l\u00e6s Shoutem&#8217;s Privacy Policy\u00a0<a href=\"http:\/\/www.shoutem.com\/privacypolicy\" target=\"_blank\" rel=\"noopener noreferrer\">her.<\/a><\/p>\n\n\t\t<\/div>\n\t<\/div>\n<\/div><\/div><\/div><\/div><\/div><\/section>","protected":false},"excerpt":{"rendered":"PRIVATPOLITIK DATAINDSAMLING OG COOKIES\u00a0 Behandling af personoplysninger I forbindelse med dit k\u00f8b hos Lars Damkj\u00e6r har du indtastet en r\u00e6kke personoplysninger Dit navn \/ firmanavn Din adresse Din e-mailadresse Dit [...]","protected":false},"author":1,"featured_media":0,"parent":0,"menu_order":0,"comment_status":"closed","ping_status":"closed","template":"","meta":{"footnotes":""},"class_list":["post-8190","page","type-page","status-publish","hentry"],"yoast_head":"<!-- This site is optimized with the Yoast SEO plugin v27.1.1 - https:\/\/yoast.com\/product\/yoast-seo-wordpress\/ -->\n<title>Privatlivspolitik, dataindsamling og cookies &#8226; Lars Damkj\u00e6r<\/title>\n<meta name=\"robots\" content=\"index, follow, max-snippet:-1, max-image-preview:large, max-video-preview:-1\" \/>\n<link rel=\"canonical\" href=\"https:\/\/larsdamkjaer.com\/en\/privatlivspolitik-dataindsamling-og-cookies\/\" \/>\n<meta property=\"og:locale\" content=\"en_US\" \/>\n<meta property=\"og:type\" content=\"article\" \/>\n<meta property=\"og:title\" content=\"Privatlivspolitik, dataindsamling og cookies &#8226; Lars Damkj\u00e6r\" \/>\n<meta property=\"og:url\" content=\"https:\/\/larsdamkjaer.com\/en\/privatlivspolitik-dataindsamling-og-cookies\/\" \/>\n<meta property=\"og:site_name\" content=\"Lars Damkj\u00e6r\" \/>\n<meta property=\"article:publisher\" content=\"https:\/\/www.facebook.com\/mindrestressmerenaervaer\" \/>\n<meta property=\"article:modified_time\" content=\"2023-03-01T20:06:05+00:00\" \/>\n<meta name=\"twitter:card\" content=\"summary_large_image\" \/>\n<meta name=\"twitter:label1\" content=\"Est. reading time\" \/>\n\t<meta name=\"twitter:data1\" content=\"3 minutes\" \/>\n<script type=\"application\/ld+json\" class=\"yoast-schema-graph\">{\"@context\":\"https:\/\/schema.org\",\"@graph\":[{\"@type\":\"WebPage\",\"@id\":\"https:\/\/larsdamkjaer.com\/privatlivspolitik-dataindsamling-og-cookies\/\",\"url\":\"https:\/\/larsdamkjaer.com\/privatlivspolitik-dataindsamling-og-cookies\/\",\"name\":\"Privatlivspolitik, dataindsamling og cookies &#8226; Lars Damkj\u00e6r\",\"isPartOf\":{\"@id\":\"https:\/\/larsdamkjaer.com\/#website\"},\"datePublished\":\"2018-08-06T15:32:15+00:00\",\"dateModified\":\"2023-03-01T20:06:05+00:00\",\"breadcrumb\":{\"@id\":\"https:\/\/larsdamkjaer.com\/privatlivspolitik-dataindsamling-og-cookies\/#breadcrumb\"},\"inLanguage\":\"en-US\",\"potentialAction\":[{\"@type\":\"ReadAction\",\"target\":[\"https:\/\/larsdamkjaer.com\/privatlivspolitik-dataindsamling-og-cookies\/\"]}]},{\"@type\":\"BreadcrumbList\",\"@id\":\"https:\/\/larsdamkjaer.com\/privatlivspolitik-dataindsamling-og-cookies\/#breadcrumb\",\"itemListElement\":[{\"@type\":\"ListItem\",\"position\":1,\"name\":\"Hjem\",\"item\":\"https:\/\/larsdamkjaer.com\/\"},{\"@type\":\"ListItem\",\"position\":2,\"name\":\"Privatlivspolitik, dataindsamling og cookies\"}]},{\"@type\":\"WebSite\",\"@id\":\"https:\/\/larsdamkjaer.com\/#website\",\"url\":\"https:\/\/larsdamkjaer.com\/\",\"name\":\"Lars Damkj\u00e6r\",\"description\":\"Mindre stress, mere n\u00e6rv\u00e6r\",\"publisher\":{\"@id\":\"https:\/\/larsdamkjaer.com\/#organization\"},\"potentialAction\":[{\"@type\":\"SearchAction\",\"target\":{\"@type\":\"EntryPoint\",\"urlTemplate\":\"https:\/\/larsdamkjaer.com\/?s={search_term_string}\"},\"query-input\":{\"@type\":\"PropertyValueSpecification\",\"valueRequired\":true,\"valueName\":\"search_term_string\"}}],\"inLanguage\":\"en-US\"},{\"@type\":\"Organization\",\"@id\":\"https:\/\/larsdamkjaer.com\/#organization\",\"name\":\"N\u00e6rv\u00e6r\",\"url\":\"https:\/\/larsdamkjaer.com\/\",\"logo\":{\"@type\":\"ImageObject\",\"inLanguage\":\"en-US\",\"@id\":\"https:\/\/larsdamkjaer.com\/#\/schema\/logo\/image\/\",\"url\":\"https:\/\/larsdamkjaer.com\/wp-content\/uploads\/2016\/10\/larsdamkjaerlogo.png\",\"contentUrl\":\"https:\/\/larsdamkjaer.com\/wp-content\/uploads\/2016\/10\/larsdamkjaerlogo.png\",\"width\":594,\"height\":125,\"caption\":\"N\u00e6rv\u00e6r\"},\"image\":{\"@id\":\"https:\/\/larsdamkjaer.com\/#\/schema\/logo\/image\/\"},\"sameAs\":[\"https:\/\/www.facebook.com\/mindrestressmerenaervaer\",\"https:\/\/www.instagram.com\/larsdamkjaer\/?hl=da\"]}]}<\/script>\n<!-- \/ Yoast SEO plugin. -->","yoast_head_json":{"title":"Privatlivspolitik, dataindsamling og cookies &#8226; Lars Damkj\u00e6r","robots":{"index":"index","follow":"follow","max-snippet":"max-snippet:-1","max-image-preview":"max-image-preview:large","max-video-preview":"max-video-preview:-1"},"canonical":"https:\/\/larsdamkjaer.com\/en\/privatlivspolitik-dataindsamling-og-cookies\/","og_locale":"en_US","og_type":"article","og_title":"Privatlivspolitik, dataindsamling og cookies &#8226; Lars Damkj\u00e6r","og_url":"https:\/\/larsdamkjaer.com\/en\/privatlivspolitik-dataindsamling-og-cookies\/","og_site_name":"Lars Damkj\u00e6r","article_publisher":"https:\/\/www.facebook.com\/mindrestressmerenaervaer","article_modified_time":"2023-03-01T20:06:05+00:00","twitter_card":"summary_large_image","twitter_misc":{"Est. reading time":"3 minutes"},"schema":{"@context":"https:\/\/schema.org","@graph":[{"@type":"WebPage","@id":"https:\/\/larsdamkjaer.com\/privatlivspolitik-dataindsamling-og-cookies\/","url":"https:\/\/larsdamkjaer.com\/privatlivspolitik-dataindsamling-og-cookies\/","name":"Privatlivspolitik, dataindsamling og cookies &#8226; Lars Damkj\u00e6r","isPartOf":{"@id":"https:\/\/larsdamkjaer.com\/#website"},"datePublished":"2018-08-06T15:32:15+00:00","dateModified":"2023-03-01T20:06:05+00:00","breadcrumb":{"@id":"https:\/\/larsdamkjaer.com\/privatlivspolitik-dataindsamling-og-cookies\/#breadcrumb"},"inLanguage":"en-US","potentialAction":[{"@type":"ReadAction","target":["https:\/\/larsdamkjaer.com\/privatlivspolitik-dataindsamling-og-cookies\/"]}]},{"@type":"BreadcrumbList","@id":"https:\/\/larsdamkjaer.com\/privatlivspolitik-dataindsamling-og-cookies\/#breadcrumb","itemListElement":[{"@type":"ListItem","position":1,"name":"Hjem","item":"https:\/\/larsdamkjaer.com\/"},{"@type":"ListItem","position":2,"name":"Privatlivspolitik, dataindsamling og cookies"}]},{"@type":"WebSite","@id":"https:\/\/larsdamkjaer.com\/#website","url":"https:\/\/larsdamkjaer.com\/","name":"Lars Damkj\u00e6r","description":"Mindre stress, mere n\u00e6rv\u00e6r","publisher":{"@id":"https:\/\/larsdamkjaer.com\/#organization"},"potentialAction":[{"@type":"SearchAction","target":{"@type":"EntryPoint","urlTemplate":"https:\/\/larsdamkjaer.com\/?s={search_term_string}"},"query-input":{"@type":"PropertyValueSpecification","valueRequired":true,"valueName":"search_term_string"}}],"inLanguage":"en-US"},{"@type":"Organization","@id":"https:\/\/larsdamkjaer.com\/#organization","name":"N\u00e6rv\u00e6r","url":"https:\/\/larsdamkjaer.com\/","logo":{"@type":"ImageObject","inLanguage":"en-US","@id":"https:\/\/larsdamkjaer.com\/#\/schema\/logo\/image\/","url":"https:\/\/larsdamkjaer.com\/wp-content\/uploads\/2016\/10\/larsdamkjaerlogo.png","contentUrl":"https:\/\/larsdamkjaer.com\/wp-content\/uploads\/2016\/10\/larsdamkjaerlogo.png","width":594,"height":125,"caption":"N\u00e6rv\u00e6r"},"image":{"@id":"https:\/\/larsdamkjaer.com\/#\/schema\/logo\/image\/"},"sameAs":["https:\/\/www.facebook.com\/mindrestressmerenaervaer","https:\/\/www.instagram.com\/larsdamkjaer\/?hl=da"]}]}},"_links":{"self":[{"href":"https:\/\/larsdamkjaer.com\/en\/wp-json\/wp\/v2\/pages\/8190","targetHints":{"allow":["GET"]}}],"collection":[{"href":"https:\/\/larsdamkjaer.com\/en\/wp-json\/wp\/v2\/pages"}],"about":[{"href":"https:\/\/larsdamkjaer.com\/en\/wp-json\/wp\/v2\/types\/page"}],"author":[{"embeddable":true,"href":"https:\/\/larsdamkjaer.com\/en\/wp-json\/wp\/v2\/users\/1"}],"replies":[{"embeddable":true,"href":"https:\/\/larsdamkjaer.com\/en\/wp-json\/wp\/v2\/comments?post=8190"}],"version-history":[{"count":0,"href":"https:\/\/larsdamkjaer.com\/en\/wp-json\/wp\/v2\/pages\/8190\/revisions"}],"wp:attachment":[{"href":"https:\/\/larsdamkjaer.com\/en\/wp-json\/wp\/v2\/media?parent=8190"}],"curies":[{"name":"wp","href":"https:\/\/api.w.org\/{rel}","templated":true}]}}