{"id":10080,"date":"2021-04-19T19:54:52","date_gmt":"2021-04-19T17:54:52","guid":{"rendered":"https:\/\/larsdamkjaer.com\/?post_type=product&#038;p=10080"},"modified":"2024-06-12T15:29:09","modified_gmt":"2024-06-12T13:29:09","slug":"samadhi-e-bog","status":"publish","type":"product","link":"https:\/\/larsdamkjaer.com\/en\/product\/samadhi-e-bog\/","title":{"rendered":"Samadhi (E-bog)"},"content":{"rendered":"<p>At leve med frygten for AIDS som HIV-smittet kan f\u00e5 selv den st\u00e6rkeste til at g\u00e5 i sort. Hvordan skal livet leves fremover med den diagnose? Lars Damkj\u00e6rs debutroman Samadhi kaster lys p\u00e5 det at blive ramt af en livstruende sygdom og udsat for HIV-fobi.<\/p>\n<p>I romanen f\u00e5r den 30-\u00e5rige Adam uventet diagnosen HIV, og det bliver starten p\u00e5 en indre og ydre rejse og en r\u00e6kke dramatiske h\u00e6ndelser. Drevet af sin passion og vilje til at finde n\u00f8glen til egen helbredelse rejser Adam til Sri Lanka og opbygger en ayurvedaskole i et jungleomr\u00e5de langt v\u00e6k fra de danske l\u00e6ger, sygdom og d\u00f8d. Men livet i paradis har en bagside.<\/p>\n<p>Samadhi er en moderne lidelseshistorie udspillet i et buddhistisk samfund, hvor HIV-fobi, frygt og fortielser spreder sig som gift for b\u00e5de hovedpersonen og romanens andre karakterer. Bogen handler om at leve med HIV uden at g\u00e5 p\u00e5 kompromis med sine dr\u00f8mme.<\/p>\n<h3>Yderligere informationer<\/h3>\n<p><label class=\"label\">Bogtype: <\/label>E-bog<br \/>\n<label class=\"label\">Filtype: EPUB (Reflowable)<\/label><br \/>\nSprog: Dansk<br \/>\n<label class=\"label\">Beskyttelse: <\/label>Vandm\u00e6rket<br \/>\n<label class=\"label\">Forlag: Lindhardt og Ringhof<\/label><br \/>\n<label class=\"label\">ISBN: 9788711624043<\/label><br \/>\n<label class=\"label\">Udgivet: 29-07-2016<\/label><\/p>","protected":false},"excerpt":{"rendered":"<p>E-bogen kan k\u00f8bes via dette link hos <a href=\"https:\/\/www.ebog.dk\/Samadhi-9788711624043\" target=\"_blank\" rel=\"noopener\">ebog.dk<\/a>.<\/p>","protected":false},"featured_media":6230,"template":"","meta":[],"product_brand":[],"product_cat":[24],"product_tag":[],"class_list":{"0":"post-10080","1":"product","2":"type-product","3":"status-publish","4":"has-post-thumbnail","6":"product_cat-boeger","8":"first","9":"outofstock","10":"virtual","11":"taxable","12":"purchasable","13":"product-type-simple"},"yoast_head":"<!-- This site is optimized with the Yoast SEO plugin v27.1.1 - https:\/\/yoast.com\/product\/yoast-seo-wordpress\/ -->\n<title>Samadhi (E-bog) &#8226; Lars Damkj\u00e6r<\/title>\n<meta name=\"description\" content=\"At leve med frygten for AIDS som HIV-smittet kan f\u00e5 selv den st\u00e6rkeste til at g\u00e5 i sort. Hvordan skal livet leves fremover med den diagnose? Lars Damkj\u00e6rs debutroman Samadhi kaster lys p\u00e5 det at blive ramt af en livstruende sygdom og udsat for HIV-fobi.\" \/>\n<meta name=\"robots\" content=\"index, follow, max-snippet:-1, max-image-preview:large, max-video-preview:-1\" \/>\n<link rel=\"canonical\" href=\"https:\/\/larsdamkjaer.com\/en\/product\/samadhi-e-bog\/\" \/>\n<meta property=\"og:locale\" content=\"en_US\" \/>\n<meta property=\"og:type\" content=\"article\" \/>\n<meta property=\"og:title\" content=\"Samadhi (E-bog) &#8226; Lars Damkj\u00e6r\" \/>\n<meta property=\"og:description\" content=\"At leve med frygten for AIDS som HIV-smittet kan f\u00e5 selv den st\u00e6rkeste til at g\u00e5 i sort. Hvordan skal livet leves fremover med den diagnose? Lars Damkj\u00e6rs debutroman Samadhi kaster lys p\u00e5 det at blive ramt af en livstruende sygdom og udsat for HIV-fobi.\" \/>\n<meta property=\"og:url\" content=\"https:\/\/larsdamkjaer.com\/en\/product\/samadhi-e-bog\/\" \/>\n<meta property=\"og:site_name\" content=\"Lars Damkj\u00e6r\" \/>\n<meta property=\"article:publisher\" content=\"https:\/\/www.facebook.com\/mindrestressmerenaervaer\" \/>\n<meta property=\"article:modified_time\" content=\"2024-06-12T13:29:09+00:00\" \/>\n<meta property=\"og:image\" content=\"https:\/\/larsdamkjaer.com\/wp-content\/uploads\/2016\/10\/samadhicover.png\" \/>\n\t<meta property=\"og:image:width\" content=\"800\" \/>\n\t<meta property=\"og:image:height\" content=\"800\" \/>\n\t<meta property=\"og:image:type\" content=\"image\/png\" \/>\n<meta name=\"twitter:card\" content=\"summary_large_image\" \/>\n<meta name=\"twitter:label1\" content=\"Est. reading time\" \/>\n\t<meta name=\"twitter:data1\" content=\"2 minutes\" \/>\n<script type=\"application\/ld+json\" class=\"yoast-schema-graph\">{\"@context\":\"https:\/\/schema.org\",\"@graph\":[{\"@type\":\"WebPage\",\"@id\":\"https:\/\/larsdamkjaer.com\/vare\/samadhi-e-bog\/\",\"url\":\"https:\/\/larsdamkjaer.com\/vare\/samadhi-e-bog\/\",\"name\":\"Samadhi (E-bog) &#8226; Lars Damkj\u00e6r\",\"isPartOf\":{\"@id\":\"https:\/\/larsdamkjaer.com\/#website\"},\"primaryImageOfPage\":{\"@id\":\"https:\/\/larsdamkjaer.com\/vare\/samadhi-e-bog\/#primaryimage\"},\"image\":{\"@id\":\"https:\/\/larsdamkjaer.com\/vare\/samadhi-e-bog\/#primaryimage\"},\"thumbnailUrl\":\"https:\/\/larsdamkjaer.com\/wp-content\/uploads\/2016\/10\/samadhicover.png\",\"datePublished\":\"2021-04-19T17:54:52+00:00\",\"dateModified\":\"2024-06-12T13:29:09+00:00\",\"description\":\"At leve med frygten for AIDS som HIV-smittet kan f\u00e5 selv den st\u00e6rkeste til at g\u00e5 i sort. Hvordan skal livet leves fremover med den diagnose? Lars Damkj\u00e6rs debutroman Samadhi kaster lys p\u00e5 det at blive ramt af en livstruende sygdom og udsat for HIV-fobi.\",\"breadcrumb\":{\"@id\":\"https:\/\/larsdamkjaer.com\/vare\/samadhi-e-bog\/#breadcrumb\"},\"inLanguage\":\"en-US\",\"potentialAction\":[{\"@type\":\"ReadAction\",\"target\":[\"https:\/\/larsdamkjaer.com\/vare\/samadhi-e-bog\/\"]}]},{\"@type\":\"ImageObject\",\"inLanguage\":\"en-US\",\"@id\":\"https:\/\/larsdamkjaer.com\/vare\/samadhi-e-bog\/#primaryimage\",\"url\":\"https:\/\/larsdamkjaer.com\/wp-content\/uploads\/2016\/10\/samadhicover.png\",\"contentUrl\":\"https:\/\/larsdamkjaer.com\/wp-content\/uploads\/2016\/10\/samadhicover.png\",\"width\":800,\"height\":800},{\"@type\":\"BreadcrumbList\",\"@id\":\"https:\/\/larsdamkjaer.com\/vare\/samadhi-e-bog\/#breadcrumb\",\"itemListElement\":[{\"@type\":\"ListItem\",\"position\":1,\"name\":\"Hjem\",\"item\":\"https:\/\/larsdamkjaer.com\/\"},{\"@type\":\"ListItem\",\"position\":2,\"name\":\"Webshop\",\"item\":\"https:\/\/larsdamkjaer.com\/webshop\/\"},{\"@type\":\"ListItem\",\"position\":3,\"name\":\"Samadhi (E-bog)\"}]},{\"@type\":\"WebSite\",\"@id\":\"https:\/\/larsdamkjaer.com\/#website\",\"url\":\"https:\/\/larsdamkjaer.com\/\",\"name\":\"Lars Damkj\u00e6r\",\"description\":\"Mindre stress, mere n\u00e6rv\u00e6r\",\"publisher\":{\"@id\":\"https:\/\/larsdamkjaer.com\/#organization\"},\"potentialAction\":[{\"@type\":\"SearchAction\",\"target\":{\"@type\":\"EntryPoint\",\"urlTemplate\":\"https:\/\/larsdamkjaer.com\/?s={search_term_string}\"},\"query-input\":{\"@type\":\"PropertyValueSpecification\",\"valueRequired\":true,\"valueName\":\"search_term_string\"}}],\"inLanguage\":\"en-US\"},{\"@type\":\"Organization\",\"@id\":\"https:\/\/larsdamkjaer.com\/#organization\",\"name\":\"N\u00e6rv\u00e6r\",\"url\":\"https:\/\/larsdamkjaer.com\/\",\"logo\":{\"@type\":\"ImageObject\",\"inLanguage\":\"en-US\",\"@id\":\"https:\/\/larsdamkjaer.com\/#\/schema\/logo\/image\/\",\"url\":\"https:\/\/larsdamkjaer.com\/wp-content\/uploads\/2016\/10\/larsdamkjaerlogo.png\",\"contentUrl\":\"https:\/\/larsdamkjaer.com\/wp-content\/uploads\/2016\/10\/larsdamkjaerlogo.png\",\"width\":594,\"height\":125,\"caption\":\"N\u00e6rv\u00e6r\"},\"image\":{\"@id\":\"https:\/\/larsdamkjaer.com\/#\/schema\/logo\/image\/\"},\"sameAs\":[\"https:\/\/www.facebook.com\/mindrestressmerenaervaer\",\"https:\/\/www.instagram.com\/larsdamkjaer\/?hl=da\"]}]}<\/script>\n<!-- \/ Yoast SEO plugin. -->","yoast_head_json":{"title":"Samadhi (E-bog) &#8226; Lars Damkj\u00e6r","description":"At leve med frygten for AIDS som HIV-smittet kan f\u00e5 selv den st\u00e6rkeste til at g\u00e5 i sort. Hvordan skal livet leves fremover med den diagnose? Lars Damkj\u00e6rs debutroman Samadhi kaster lys p\u00e5 det at blive ramt af en livstruende sygdom og udsat for HIV-fobi.","robots":{"index":"index","follow":"follow","max-snippet":"max-snippet:-1","max-image-preview":"max-image-preview:large","max-video-preview":"max-video-preview:-1"},"canonical":"https:\/\/larsdamkjaer.com\/en\/product\/samadhi-e-bog\/","og_locale":"en_US","og_type":"article","og_title":"Samadhi (E-bog) &#8226; Lars Damkj\u00e6r","og_description":"At leve med frygten for AIDS som HIV-smittet kan f\u00e5 selv den st\u00e6rkeste til at g\u00e5 i sort. Hvordan skal livet leves fremover med den diagnose? Lars Damkj\u00e6rs debutroman Samadhi kaster lys p\u00e5 det at blive ramt af en livstruende sygdom og udsat for HIV-fobi.","og_url":"https:\/\/larsdamkjaer.com\/en\/product\/samadhi-e-bog\/","og_site_name":"Lars Damkj\u00e6r","article_publisher":"https:\/\/www.facebook.com\/mindrestressmerenaervaer","article_modified_time":"2024-06-12T13:29:09+00:00","og_image":[{"width":800,"height":800,"url":"https:\/\/larsdamkjaer.com\/wp-content\/uploads\/2016\/10\/samadhicover.png","type":"image\/png"}],"twitter_card":"summary_large_image","twitter_misc":{"Est. reading time":"2 minutes"},"schema":{"@context":"https:\/\/schema.org","@graph":[{"@type":"WebPage","@id":"https:\/\/larsdamkjaer.com\/vare\/samadhi-e-bog\/","url":"https:\/\/larsdamkjaer.com\/vare\/samadhi-e-bog\/","name":"Samadhi (E-bog) &#8226; Lars Damkj\u00e6r","isPartOf":{"@id":"https:\/\/larsdamkjaer.com\/#website"},"primaryImageOfPage":{"@id":"https:\/\/larsdamkjaer.com\/vare\/samadhi-e-bog\/#primaryimage"},"image":{"@id":"https:\/\/larsdamkjaer.com\/vare\/samadhi-e-bog\/#primaryimage"},"thumbnailUrl":"https:\/\/larsdamkjaer.com\/wp-content\/uploads\/2016\/10\/samadhicover.png","datePublished":"2021-04-19T17:54:52+00:00","dateModified":"2024-06-12T13:29:09+00:00","description":"At leve med frygten for AIDS som HIV-smittet kan f\u00e5 selv den st\u00e6rkeste til at g\u00e5 i sort. Hvordan skal livet leves fremover med den diagnose? Lars Damkj\u00e6rs debutroman Samadhi kaster lys p\u00e5 det at blive ramt af en livstruende sygdom og udsat for HIV-fobi.","breadcrumb":{"@id":"https:\/\/larsdamkjaer.com\/vare\/samadhi-e-bog\/#breadcrumb"},"inLanguage":"en-US","potentialAction":[{"@type":"ReadAction","target":["https:\/\/larsdamkjaer.com\/vare\/samadhi-e-bog\/"]}]},{"@type":"ImageObject","inLanguage":"en-US","@id":"https:\/\/larsdamkjaer.com\/vare\/samadhi-e-bog\/#primaryimage","url":"https:\/\/larsdamkjaer.com\/wp-content\/uploads\/2016\/10\/samadhicover.png","contentUrl":"https:\/\/larsdamkjaer.com\/wp-content\/uploads\/2016\/10\/samadhicover.png","width":800,"height":800},{"@type":"BreadcrumbList","@id":"https:\/\/larsdamkjaer.com\/vare\/samadhi-e-bog\/#breadcrumb","itemListElement":[{"@type":"ListItem","position":1,"name":"Hjem","item":"https:\/\/larsdamkjaer.com\/"},{"@type":"ListItem","position":2,"name":"Webshop","item":"https:\/\/larsdamkjaer.com\/webshop\/"},{"@type":"ListItem","position":3,"name":"Samadhi (E-bog)"}]},{"@type":"WebSite","@id":"https:\/\/larsdamkjaer.com\/#website","url":"https:\/\/larsdamkjaer.com\/","name":"Lars Damkj\u00e6r","description":"Mindre stress, mere n\u00e6rv\u00e6r","publisher":{"@id":"https:\/\/larsdamkjaer.com\/#organization"},"potentialAction":[{"@type":"SearchAction","target":{"@type":"EntryPoint","urlTemplate":"https:\/\/larsdamkjaer.com\/?s={search_term_string}"},"query-input":{"@type":"PropertyValueSpecification","valueRequired":true,"valueName":"search_term_string"}}],"inLanguage":"en-US"},{"@type":"Organization","@id":"https:\/\/larsdamkjaer.com\/#organization","name":"N\u00e6rv\u00e6r","url":"https:\/\/larsdamkjaer.com\/","logo":{"@type":"ImageObject","inLanguage":"en-US","@id":"https:\/\/larsdamkjaer.com\/#\/schema\/logo\/image\/","url":"https:\/\/larsdamkjaer.com\/wp-content\/uploads\/2016\/10\/larsdamkjaerlogo.png","contentUrl":"https:\/\/larsdamkjaer.com\/wp-content\/uploads\/2016\/10\/larsdamkjaerlogo.png","width":594,"height":125,"caption":"N\u00e6rv\u00e6r"},"image":{"@id":"https:\/\/larsdamkjaer.com\/#\/schema\/logo\/image\/"},"sameAs":["https:\/\/www.facebook.com\/mindrestressmerenaervaer","https:\/\/www.instagram.com\/larsdamkjaer\/?hl=da"]}]}},"_links":{"self":[{"href":"https:\/\/larsdamkjaer.com\/en\/wp-json\/wp\/v2\/product\/10080","targetHints":{"allow":["GET"]}}],"collection":[{"href":"https:\/\/larsdamkjaer.com\/en\/wp-json\/wp\/v2\/product"}],"about":[{"href":"https:\/\/larsdamkjaer.com\/en\/wp-json\/wp\/v2\/types\/product"}],"wp:featuredmedia":[{"embeddable":true,"href":"https:\/\/larsdamkjaer.com\/en\/wp-json\/wp\/v2\/media\/6230"}],"wp:attachment":[{"href":"https:\/\/larsdamkjaer.com\/en\/wp-json\/wp\/v2\/media?parent=10080"}],"wp:term":[{"taxonomy":"product_brand","embeddable":true,"href":"https:\/\/larsdamkjaer.com\/en\/wp-json\/wp\/v2\/product_brand?post=10080"},{"taxonomy":"product_cat","embeddable":true,"href":"https:\/\/larsdamkjaer.com\/en\/wp-json\/wp\/v2\/product_cat?post=10080"},{"taxonomy":"product_tag","embeddable":true,"href":"https:\/\/larsdamkjaer.com\/en\/wp-json\/wp\/v2\/product_tag?post=10080"}],"curies":[{"name":"wp","href":"https:\/\/api.w.org\/{rel}","templated":true}]}}