{"id":11534,"date":"2022-12-14T22:20:16","date_gmt":"2022-12-14T21:20:16","guid":{"rendered":"https:\/\/larsdamkjaer.com\/?post_type=product&#038;p=11534"},"modified":"2023-03-23T21:18:34","modified_gmt":"2023-03-23T20:18:34","slug":"naervaer-gavekort","status":"publish","type":"product","link":"https:\/\/larsdamkjaer.com\/en\/product\/naervaer-gavekort\/","title":{"rendered":"Gavekort &#8211; kan benyttes til alle produkter i webshoppen"},"content":{"rendered":"","protected":false},"excerpt":{"rendered":"<p>Gavekortet kan benyttes til alle produkter i webshoppen.<\/p>\n<p>N\u00e5r k\u00f8bet er godkendt kan gavekortet downloades som PDF p\u00e5 den afslutende ordreoversigt.<\/p>\n<p>Gavekortet kan ogs\u00e5 udskrives som PDF fra ordrebekr\u00e6ftelsen i din indboks.<\/p>\n<p>Kontakt os hvis du \u00f8nsker et andet specifikt bel\u00f8b: <a href=\"mailto:lars@larsdamkjaer.com\">lars@larsdamkjaer.com<\/a><\/p>","protected":false},"featured_media":11521,"template":"","meta":[],"product_brand":[],"product_cat":[70],"product_tag":[],"class_list":{"0":"post-11534","1":"product","2":"type-product","3":"status-publish","4":"has-post-thumbnail","6":"product_cat-gavekort","8":"first","9":"instock","10":"sold-individually","11":"taxable","12":"shipping-taxable","13":"purchasable","14":"product-type-variable","15":"has-default-attributes"},"yoast_head":"<!-- This site is optimized with the Yoast SEO plugin v27.1.1 - https:\/\/yoast.com\/product\/yoast-seo-wordpress\/ -->\n<title>Gavekort - kan benyttes til alle produkter i webshoppen &#8226; Lars Damkj\u00e6r<\/title>\n<meta name=\"robots\" content=\"index, follow, max-snippet:-1, max-image-preview:large, max-video-preview:-1\" \/>\n<link rel=\"canonical\" href=\"https:\/\/larsdamkjaer.com\/en\/product\/naervaer-gavekort\/\" \/>\n<meta property=\"og:locale\" content=\"en_US\" \/>\n<meta property=\"og:type\" content=\"article\" \/>\n<meta property=\"og:title\" content=\"Gavekort - kan benyttes til alle produkter i webshoppen &#8226; Lars Damkj\u00e6r\" \/>\n<meta property=\"og:description\" content=\"Gavekortet kan benyttes til alle produkter i webshoppen.  N\u00e5r k\u00f8bet er godkendt kan gavekortet downloades som PDF p\u00e5 den afslutende ordreoversigt.  Gavekortet kan ogs\u00e5 udskrives som PDF fra ordrebekr\u00e6ftelsen i din indboks.  Kontakt os hvis du \u00f8nsker et andet specifikt bel\u00f8b: lars@larsdamkjaer.com\" \/>\n<meta property=\"og:url\" content=\"https:\/\/larsdamkjaer.com\/en\/product\/naervaer-gavekort\/\" \/>\n<meta property=\"og:site_name\" content=\"Lars Damkj\u00e6r\" \/>\n<meta property=\"article:publisher\" content=\"https:\/\/www.facebook.com\/mindrestressmerenaervaer\" \/>\n<meta property=\"article:modified_time\" content=\"2023-03-23T20:18:34+00:00\" \/>\n<meta property=\"og:image\" content=\"https:\/\/larsdamkjaer.com\/wp-content\/uploads\/2022\/12\/gavekort.jpg\" \/>\n\t<meta property=\"og:image:width\" content=\"720\" \/>\n\t<meta property=\"og:image:height\" content=\"480\" \/>\n\t<meta property=\"og:image:type\" content=\"image\/jpeg\" \/>\n<meta name=\"twitter:card\" content=\"summary_large_image\" \/>\n<script type=\"application\/ld+json\" class=\"yoast-schema-graph\">{\"@context\":\"https:\/\/schema.org\",\"@graph\":[{\"@type\":\"WebPage\",\"@id\":\"https:\/\/larsdamkjaer.com\/vare\/naervaer-gavekort\/\",\"url\":\"https:\/\/larsdamkjaer.com\/vare\/naervaer-gavekort\/\",\"name\":\"Gavekort - kan benyttes til alle produkter i webshoppen &#8226; Lars Damkj\u00e6r\",\"isPartOf\":{\"@id\":\"https:\/\/larsdamkjaer.com\/#website\"},\"primaryImageOfPage\":{\"@id\":\"https:\/\/larsdamkjaer.com\/vare\/naervaer-gavekort\/#primaryimage\"},\"image\":{\"@id\":\"https:\/\/larsdamkjaer.com\/vare\/naervaer-gavekort\/#primaryimage\"},\"thumbnailUrl\":\"https:\/\/larsdamkjaer.com\/wp-content\/uploads\/2022\/12\/gavekort.jpg\",\"datePublished\":\"2022-12-14T21:20:16+00:00\",\"dateModified\":\"2023-03-23T20:18:34+00:00\",\"breadcrumb\":{\"@id\":\"https:\/\/larsdamkjaer.com\/vare\/naervaer-gavekort\/#breadcrumb\"},\"inLanguage\":\"en-US\",\"potentialAction\":[{\"@type\":\"ReadAction\",\"target\":[\"https:\/\/larsdamkjaer.com\/vare\/naervaer-gavekort\/\"]}]},{\"@type\":\"ImageObject\",\"inLanguage\":\"en-US\",\"@id\":\"https:\/\/larsdamkjaer.com\/vare\/naervaer-gavekort\/#primaryimage\",\"url\":\"https:\/\/larsdamkjaer.com\/wp-content\/uploads\/2022\/12\/gavekort.jpg\",\"contentUrl\":\"https:\/\/larsdamkjaer.com\/wp-content\/uploads\/2022\/12\/gavekort.jpg\",\"width\":720,\"height\":480,\"caption\":\"Gavekort\"},{\"@type\":\"BreadcrumbList\",\"@id\":\"https:\/\/larsdamkjaer.com\/vare\/naervaer-gavekort\/#breadcrumb\",\"itemListElement\":[{\"@type\":\"ListItem\",\"position\":1,\"name\":\"Hjem\",\"item\":\"https:\/\/larsdamkjaer.com\/\"},{\"@type\":\"ListItem\",\"position\":2,\"name\":\"Webshop\",\"item\":\"https:\/\/larsdamkjaer.com\/webshop\/\"},{\"@type\":\"ListItem\",\"position\":3,\"name\":\"Gavekort &#8211; kan benyttes til alle produkter i webshoppen\"}]},{\"@type\":\"WebSite\",\"@id\":\"https:\/\/larsdamkjaer.com\/#website\",\"url\":\"https:\/\/larsdamkjaer.com\/\",\"name\":\"Lars Damkj\u00e6r\",\"description\":\"Mindre stress, mere n\u00e6rv\u00e6r\",\"publisher\":{\"@id\":\"https:\/\/larsdamkjaer.com\/#organization\"},\"potentialAction\":[{\"@type\":\"SearchAction\",\"target\":{\"@type\":\"EntryPoint\",\"urlTemplate\":\"https:\/\/larsdamkjaer.com\/?s={search_term_string}\"},\"query-input\":{\"@type\":\"PropertyValueSpecification\",\"valueRequired\":true,\"valueName\":\"search_term_string\"}}],\"inLanguage\":\"en-US\"},{\"@type\":\"Organization\",\"@id\":\"https:\/\/larsdamkjaer.com\/#organization\",\"name\":\"N\u00e6rv\u00e6r\",\"url\":\"https:\/\/larsdamkjaer.com\/\",\"logo\":{\"@type\":\"ImageObject\",\"inLanguage\":\"en-US\",\"@id\":\"https:\/\/larsdamkjaer.com\/#\/schema\/logo\/image\/\",\"url\":\"https:\/\/larsdamkjaer.com\/wp-content\/uploads\/2016\/10\/larsdamkjaerlogo.png\",\"contentUrl\":\"https:\/\/larsdamkjaer.com\/wp-content\/uploads\/2016\/10\/larsdamkjaerlogo.png\",\"width\":594,\"height\":125,\"caption\":\"N\u00e6rv\u00e6r\"},\"image\":{\"@id\":\"https:\/\/larsdamkjaer.com\/#\/schema\/logo\/image\/\"},\"sameAs\":[\"https:\/\/www.facebook.com\/mindrestressmerenaervaer\",\"https:\/\/www.instagram.com\/larsdamkjaer\/?hl=da\"]}]}<\/script>\n<!-- \/ Yoast SEO plugin. -->","yoast_head_json":{"title":"Gavekort - kan benyttes til alle produkter i webshoppen &#8226; Lars Damkj\u00e6r","robots":{"index":"index","follow":"follow","max-snippet":"max-snippet:-1","max-image-preview":"max-image-preview:large","max-video-preview":"max-video-preview:-1"},"canonical":"https:\/\/larsdamkjaer.com\/en\/product\/naervaer-gavekort\/","og_locale":"en_US","og_type":"article","og_title":"Gavekort - kan benyttes til alle produkter i webshoppen &#8226; Lars Damkj\u00e6r","og_description":"Gavekortet kan benyttes til alle produkter i webshoppen.  N\u00e5r k\u00f8bet er godkendt kan gavekortet downloades som PDF p\u00e5 den afslutende ordreoversigt.  Gavekortet kan ogs\u00e5 udskrives som PDF fra ordrebekr\u00e6ftelsen i din indboks.  Kontakt os hvis du \u00f8nsker et andet specifikt bel\u00f8b: lars@larsdamkjaer.com","og_url":"https:\/\/larsdamkjaer.com\/en\/product\/naervaer-gavekort\/","og_site_name":"Lars Damkj\u00e6r","article_publisher":"https:\/\/www.facebook.com\/mindrestressmerenaervaer","article_modified_time":"2023-03-23T20:18:34+00:00","og_image":[{"width":720,"height":480,"url":"https:\/\/larsdamkjaer.com\/wp-content\/uploads\/2022\/12\/gavekort.jpg","type":"image\/jpeg"}],"twitter_card":"summary_large_image","schema":{"@context":"https:\/\/schema.org","@graph":[{"@type":"WebPage","@id":"https:\/\/larsdamkjaer.com\/vare\/naervaer-gavekort\/","url":"https:\/\/larsdamkjaer.com\/vare\/naervaer-gavekort\/","name":"Gavekort - kan benyttes til alle produkter i webshoppen &#8226; Lars Damkj\u00e6r","isPartOf":{"@id":"https:\/\/larsdamkjaer.com\/#website"},"primaryImageOfPage":{"@id":"https:\/\/larsdamkjaer.com\/vare\/naervaer-gavekort\/#primaryimage"},"image":{"@id":"https:\/\/larsdamkjaer.com\/vare\/naervaer-gavekort\/#primaryimage"},"thumbnailUrl":"https:\/\/larsdamkjaer.com\/wp-content\/uploads\/2022\/12\/gavekort.jpg","datePublished":"2022-12-14T21:20:16+00:00","dateModified":"2023-03-23T20:18:34+00:00","breadcrumb":{"@id":"https:\/\/larsdamkjaer.com\/vare\/naervaer-gavekort\/#breadcrumb"},"inLanguage":"en-US","potentialAction":[{"@type":"ReadAction","target":["https:\/\/larsdamkjaer.com\/vare\/naervaer-gavekort\/"]}]},{"@type":"ImageObject","inLanguage":"en-US","@id":"https:\/\/larsdamkjaer.com\/vare\/naervaer-gavekort\/#primaryimage","url":"https:\/\/larsdamkjaer.com\/wp-content\/uploads\/2022\/12\/gavekort.jpg","contentUrl":"https:\/\/larsdamkjaer.com\/wp-content\/uploads\/2022\/12\/gavekort.jpg","width":720,"height":480,"caption":"Gavekort"},{"@type":"BreadcrumbList","@id":"https:\/\/larsdamkjaer.com\/vare\/naervaer-gavekort\/#breadcrumb","itemListElement":[{"@type":"ListItem","position":1,"name":"Hjem","item":"https:\/\/larsdamkjaer.com\/"},{"@type":"ListItem","position":2,"name":"Webshop","item":"https:\/\/larsdamkjaer.com\/webshop\/"},{"@type":"ListItem","position":3,"name":"Gavekort &#8211; kan benyttes til alle produkter i webshoppen"}]},{"@type":"WebSite","@id":"https:\/\/larsdamkjaer.com\/#website","url":"https:\/\/larsdamkjaer.com\/","name":"Lars Damkj\u00e6r","description":"Mindre stress, mere n\u00e6rv\u00e6r","publisher":{"@id":"https:\/\/larsdamkjaer.com\/#organization"},"potentialAction":[{"@type":"SearchAction","target":{"@type":"EntryPoint","urlTemplate":"https:\/\/larsdamkjaer.com\/?s={search_term_string}"},"query-input":{"@type":"PropertyValueSpecification","valueRequired":true,"valueName":"search_term_string"}}],"inLanguage":"en-US"},{"@type":"Organization","@id":"https:\/\/larsdamkjaer.com\/#organization","name":"N\u00e6rv\u00e6r","url":"https:\/\/larsdamkjaer.com\/","logo":{"@type":"ImageObject","inLanguage":"en-US","@id":"https:\/\/larsdamkjaer.com\/#\/schema\/logo\/image\/","url":"https:\/\/larsdamkjaer.com\/wp-content\/uploads\/2016\/10\/larsdamkjaerlogo.png","contentUrl":"https:\/\/larsdamkjaer.com\/wp-content\/uploads\/2016\/10\/larsdamkjaerlogo.png","width":594,"height":125,"caption":"N\u00e6rv\u00e6r"},"image":{"@id":"https:\/\/larsdamkjaer.com\/#\/schema\/logo\/image\/"},"sameAs":["https:\/\/www.facebook.com\/mindrestressmerenaervaer","https:\/\/www.instagram.com\/larsdamkjaer\/?hl=da"]}]}},"_links":{"self":[{"href":"https:\/\/larsdamkjaer.com\/en\/wp-json\/wp\/v2\/product\/11534","targetHints":{"allow":["GET"]}}],"collection":[{"href":"https:\/\/larsdamkjaer.com\/en\/wp-json\/wp\/v2\/product"}],"about":[{"href":"https:\/\/larsdamkjaer.com\/en\/wp-json\/wp\/v2\/types\/product"}],"wp:featuredmedia":[{"embeddable":true,"href":"https:\/\/larsdamkjaer.com\/en\/wp-json\/wp\/v2\/media\/11521"}],"wp:attachment":[{"href":"https:\/\/larsdamkjaer.com\/en\/wp-json\/wp\/v2\/media?parent=11534"}],"wp:term":[{"taxonomy":"product_brand","embeddable":true,"href":"https:\/\/larsdamkjaer.com\/en\/wp-json\/wp\/v2\/product_brand?post=11534"},{"taxonomy":"product_cat","embeddable":true,"href":"https:\/\/larsdamkjaer.com\/en\/wp-json\/wp\/v2\/product_cat?post=11534"},{"taxonomy":"product_tag","embeddable":true,"href":"https:\/\/larsdamkjaer.com\/en\/wp-json\/wp\/v2\/product_tag?post=11534"}],"curies":[{"name":"wp","href":"https:\/\/api.w.org\/{rel}","templated":true}]}}