{"id":13302,"date":"2023-10-27T20:01:55","date_gmt":"2023-10-27T18:01:55","guid":{"rendered":"https:\/\/larsdamkjaer.com\/?post_type=product&#038;p=13302"},"modified":"2026-03-21T17:18:20","modified_gmt":"2026-03-21T16:18:20","slug":"naturens-4-hoejtider","status":"publish","type":"product","link":"https:\/\/larsdamkjaer.com\/en\/product\/naturens-4-hoejtider\/","title":{"rendered":"Naturens h\u00f8jtider &#8211;  ceremonielle workshops 2026"},"content":{"rendered":"<p><strong>Ceremoniel workshop med Lars Damkj\u00e6r &amp; Illona Marquard<\/strong><\/p>\n<p>Med afs\u00e6t i det nordiske \u00e5rshjul hylder vi \u00e5rstidens skiften og overgangen fra m\u00f8rke til lys. I workshoppen markeres og udforskes denne naturens h\u00f8jtid gennem en b\u00e5de blid og kraftfuld praksis med Yinmind, yoga nidra, \u00e5ndedr\u00e6t og ceremoniel kakao. P\u00e5 den m\u00e5de skabes der rum for fordybelse midt i hverdagens travlhed og fundament for at g\u00e5 \u00e5rstidernes forandringer i m\u00f8de med st\u00f8rre bevidsthed og klare intentioner for din livsvej.<\/p>","protected":false},"excerpt":{"rendered":"<p><strong>Sted:<\/strong><br \/>\nTemple Yoga<br \/>\nCharlottenlund Travbane<br \/>\nTraverbanevej 10, 2. sal<br \/>\n2920 Charlottenlund<\/p>\n<p>&nbsp;<\/p>\n<p>Temple yogas lokale ligger p\u00e5 Travbanen i Charlottenlund i g\u00e5-afstand til vandet. I den store, lyse yogasal er der direkte udsigt ud mod skoven.<\/p>\n<p>&nbsp;<\/p>\n<p><strong>Transport:<\/strong><br \/>\nDer er gratis parkering. Du kan ogs\u00e5 tage S-toget til Charlottenlund og g\u00e5 eller cykle gennem Charlottenlund skov.<\/p>\n<p>&nbsp;<\/p>\n<p><strong>Pris:<\/strong><br \/>\n600 kr. (inkl. moms)<strong><br \/>\n<\/strong><\/p>\n<p>&nbsp;<\/p>\n<p><strong>Rabat:<\/strong><br \/>\nHvis du booker mere end en plads er prisen 550 kr. (inkl. moms)<\/p>\n<p>&nbsp;<\/p>\n<p>Tilmelding er bindende og bel\u00f8bet ikke-refunderbart. Man er dog velkommen til at videregive sin plads til en anden.<\/p>\n<p>&nbsp;<\/p>\n<p>Du kan kun blive flyttet til et fremtidigt event, s\u00e5fremt der er en p\u00e5 ventelisten, der kan overtage din plads.<\/p>\n<p>&nbsp;<\/p>\n<p><strong>Sp\u00f8rgsm\u00e5l<\/strong>: <a href=\"mailto:illonamarquard@gmail.com\" target=\"_blank\" rel=\"noopener\">illonamarquard@gmail.com<\/a> \/ <a href=\"mailto:lars@larsdamkjaer.com\" target=\"_blank\" rel=\"noopener\">lars@larsdamkjaer.com<\/a><\/p>","protected":false},"featured_media":12458,"template":"","meta":[],"product_brand":[],"product_cat":[52],"product_tag":[],"class_list":{"0":"post-13302","1":"product","2":"type-product","3":"status-publish","4":"has-post-thumbnail","6":"product_cat-kurser-workshops","8":"first","9":"outofstock","10":"taxable","11":"shipping-taxable","12":"purchasable","13":"product-type-variable","14":"has-default-attributes"},"yoast_head":"<!-- This site is optimized with the Yoast SEO plugin v27.1.1 - https:\/\/yoast.com\/product\/yoast-seo-wordpress\/ -->\n<title>Naturens h\u00f8jtider - ceremonielle workshops 2026 &#8226; Lars Damkj\u00e6r<\/title>\n<meta name=\"robots\" content=\"index, follow, max-snippet:-1, max-image-preview:large, max-video-preview:-1\" \/>\n<link rel=\"canonical\" href=\"https:\/\/larsdamkjaer.com\/en\/product\/naturens-4-hoejtider\/\" \/>\n<meta property=\"og:locale\" content=\"en_US\" \/>\n<meta property=\"og:type\" content=\"article\" \/>\n<meta property=\"og:title\" content=\"Naturens h\u00f8jtider - ceremonielle workshops 2026 &#8226; Lars Damkj\u00e6r\" \/>\n<meta property=\"og:description\" content=\"Sted: Temple Yoga Charlottenlund Travbane Traverbanevej 10, 2. sal 2920 Charlottenlund  &nbsp;  Temple yogas lokale ligger p\u00e5 Travbanen i Charlottenlund i g\u00e5-afstand til vandet. I den store, lyse yogasal er der direkte udsigt ud mod skoven.  &nbsp;  Transport: Der er gratis parkering. Du kan ogs\u00e5 tage S-toget til Charlottenlund og g\u00e5 eller cykle gennem Charlottenlund skov.  &nbsp;  Pris: 600 kr. (inkl. moms)   &nbsp;  Rabat: Hvis du booker mere end en plads er prisen 550 kr. (inkl. moms)  &nbsp;  Tilmelding er bindende og bel\u00f8bet ikke-refunderbart. Man er dog velkommen til at videregive sin plads til en anden.  &nbsp;  Du kan kun blive flyttet til et fremtidigt event, s\u00e5fremt der er en p\u00e5 ventelisten, der kan overtage din plads.  &nbsp;  Sp\u00f8rgsm\u00e5l: illonamarquard@gmail.com \/ lars@larsdamkjaer.com\" \/>\n<meta property=\"og:url\" content=\"https:\/\/larsdamkjaer.com\/en\/product\/naturens-4-hoejtider\/\" \/>\n<meta property=\"og:site_name\" content=\"Lars Damkj\u00e6r\" \/>\n<meta property=\"article:publisher\" content=\"https:\/\/www.facebook.com\/mindrestressmerenaervaer\" \/>\n<meta property=\"article:modified_time\" content=\"2026-03-21T16:18:20+00:00\" \/>\n<meta property=\"og:image\" content=\"https:\/\/larsdamkjaer.com\/wp-content\/uploads\/2023\/04\/Stor-yogasal_1_low-1-3.jpg\" \/>\n\t<meta property=\"og:image:width\" content=\"1000\" \/>\n\t<meta property=\"og:image:height\" content=\"666\" \/>\n\t<meta property=\"og:image:type\" content=\"image\/jpeg\" \/>\n<meta name=\"twitter:card\" content=\"summary_large_image\" \/>\n<meta name=\"twitter:label1\" content=\"Est. reading time\" \/>\n\t<meta name=\"twitter:data1\" content=\"1 minute\" \/>\n<script type=\"application\/ld+json\" class=\"yoast-schema-graph\">{\"@context\":\"https:\/\/schema.org\",\"@graph\":[{\"@type\":\"WebPage\",\"@id\":\"https:\/\/larsdamkjaer.com\/vare\/naturens-4-hoejtider\/\",\"url\":\"https:\/\/larsdamkjaer.com\/vare\/naturens-4-hoejtider\/\",\"name\":\"Naturens h\u00f8jtider - ceremonielle workshops 2026 &#8226; Lars Damkj\u00e6r\",\"isPartOf\":{\"@id\":\"https:\/\/larsdamkjaer.com\/#website\"},\"primaryImageOfPage\":{\"@id\":\"https:\/\/larsdamkjaer.com\/vare\/naturens-4-hoejtider\/#primaryimage\"},\"image\":{\"@id\":\"https:\/\/larsdamkjaer.com\/vare\/naturens-4-hoejtider\/#primaryimage\"},\"thumbnailUrl\":\"https:\/\/larsdamkjaer.com\/wp-content\/uploads\/2023\/04\/Stor-yogasal_1_low-1-3.jpg\",\"datePublished\":\"2023-10-27T18:01:55+00:00\",\"dateModified\":\"2026-03-21T16:18:20+00:00\",\"breadcrumb\":{\"@id\":\"https:\/\/larsdamkjaer.com\/vare\/naturens-4-hoejtider\/#breadcrumb\"},\"inLanguage\":\"en-US\",\"potentialAction\":[{\"@type\":\"ReadAction\",\"target\":[\"https:\/\/larsdamkjaer.com\/vare\/naturens-4-hoejtider\/\"]}]},{\"@type\":\"ImageObject\",\"inLanguage\":\"en-US\",\"@id\":\"https:\/\/larsdamkjaer.com\/vare\/naturens-4-hoejtider\/#primaryimage\",\"url\":\"https:\/\/larsdamkjaer.com\/wp-content\/uploads\/2023\/04\/Stor-yogasal_1_low-1-3.jpg\",\"contentUrl\":\"https:\/\/larsdamkjaer.com\/wp-content\/uploads\/2023\/04\/Stor-yogasal_1_low-1-3.jpg\",\"width\":1000,\"height\":666},{\"@type\":\"BreadcrumbList\",\"@id\":\"https:\/\/larsdamkjaer.com\/vare\/naturens-4-hoejtider\/#breadcrumb\",\"itemListElement\":[{\"@type\":\"ListItem\",\"position\":1,\"name\":\"Hjem\",\"item\":\"https:\/\/larsdamkjaer.com\/\"},{\"@type\":\"ListItem\",\"position\":2,\"name\":\"Webshop\",\"item\":\"https:\/\/larsdamkjaer.com\/webshop\/\"},{\"@type\":\"ListItem\",\"position\":3,\"name\":\"Naturens h\u00f8jtider &#8211; ceremonielle workshops 2026\"}]},{\"@type\":\"WebSite\",\"@id\":\"https:\/\/larsdamkjaer.com\/#website\",\"url\":\"https:\/\/larsdamkjaer.com\/\",\"name\":\"Lars Damkj\u00e6r\",\"description\":\"Mindre stress, mere n\u00e6rv\u00e6r\",\"publisher\":{\"@id\":\"https:\/\/larsdamkjaer.com\/#organization\"},\"potentialAction\":[{\"@type\":\"SearchAction\",\"target\":{\"@type\":\"EntryPoint\",\"urlTemplate\":\"https:\/\/larsdamkjaer.com\/?s={search_term_string}\"},\"query-input\":{\"@type\":\"PropertyValueSpecification\",\"valueRequired\":true,\"valueName\":\"search_term_string\"}}],\"inLanguage\":\"en-US\"},{\"@type\":\"Organization\",\"@id\":\"https:\/\/larsdamkjaer.com\/#organization\",\"name\":\"N\u00e6rv\u00e6r\",\"url\":\"https:\/\/larsdamkjaer.com\/\",\"logo\":{\"@type\":\"ImageObject\",\"inLanguage\":\"en-US\",\"@id\":\"https:\/\/larsdamkjaer.com\/#\/schema\/logo\/image\/\",\"url\":\"https:\/\/larsdamkjaer.com\/wp-content\/uploads\/2016\/10\/larsdamkjaerlogo.png\",\"contentUrl\":\"https:\/\/larsdamkjaer.com\/wp-content\/uploads\/2016\/10\/larsdamkjaerlogo.png\",\"width\":594,\"height\":125,\"caption\":\"N\u00e6rv\u00e6r\"},\"image\":{\"@id\":\"https:\/\/larsdamkjaer.com\/#\/schema\/logo\/image\/\"},\"sameAs\":[\"https:\/\/www.facebook.com\/mindrestressmerenaervaer\",\"https:\/\/www.instagram.com\/larsdamkjaer\/?hl=da\"]}]}<\/script>\n<!-- \/ Yoast SEO plugin. -->","yoast_head_json":{"title":"Naturens h\u00f8jtider - ceremonielle workshops 2026 &#8226; Lars Damkj\u00e6r","robots":{"index":"index","follow":"follow","max-snippet":"max-snippet:-1","max-image-preview":"max-image-preview:large","max-video-preview":"max-video-preview:-1"},"canonical":"https:\/\/larsdamkjaer.com\/en\/product\/naturens-4-hoejtider\/","og_locale":"en_US","og_type":"article","og_title":"Naturens h\u00f8jtider - ceremonielle workshops 2026 &#8226; Lars Damkj\u00e6r","og_description":"Sted: Temple Yoga Charlottenlund Travbane Traverbanevej 10, 2. sal 2920 Charlottenlund  &nbsp;  Temple yogas lokale ligger p\u00e5 Travbanen i Charlottenlund i g\u00e5-afstand til vandet. I den store, lyse yogasal er der direkte udsigt ud mod skoven.  &nbsp;  Transport: Der er gratis parkering. Du kan ogs\u00e5 tage S-toget til Charlottenlund og g\u00e5 eller cykle gennem Charlottenlund skov.  &nbsp;  Pris: 600 kr. (inkl. moms)   &nbsp;  Rabat: Hvis du booker mere end en plads er prisen 550 kr. (inkl. moms)  &nbsp;  Tilmelding er bindende og bel\u00f8bet ikke-refunderbart. Man er dog velkommen til at videregive sin plads til en anden.  &nbsp;  Du kan kun blive flyttet til et fremtidigt event, s\u00e5fremt der er en p\u00e5 ventelisten, der kan overtage din plads.  &nbsp;  Sp\u00f8rgsm\u00e5l: illonamarquard@gmail.com \/ lars@larsdamkjaer.com","og_url":"https:\/\/larsdamkjaer.com\/en\/product\/naturens-4-hoejtider\/","og_site_name":"Lars Damkj\u00e6r","article_publisher":"https:\/\/www.facebook.com\/mindrestressmerenaervaer","article_modified_time":"2026-03-21T16:18:20+00:00","og_image":[{"width":1000,"height":666,"url":"https:\/\/larsdamkjaer.com\/wp-content\/uploads\/2023\/04\/Stor-yogasal_1_low-1-3.jpg","type":"image\/jpeg"}],"twitter_card":"summary_large_image","twitter_misc":{"Est. reading time":"1 minute"},"schema":{"@context":"https:\/\/schema.org","@graph":[{"@type":"WebPage","@id":"https:\/\/larsdamkjaer.com\/vare\/naturens-4-hoejtider\/","url":"https:\/\/larsdamkjaer.com\/vare\/naturens-4-hoejtider\/","name":"Naturens h\u00f8jtider - ceremonielle workshops 2026 &#8226; Lars Damkj\u00e6r","isPartOf":{"@id":"https:\/\/larsdamkjaer.com\/#website"},"primaryImageOfPage":{"@id":"https:\/\/larsdamkjaer.com\/vare\/naturens-4-hoejtider\/#primaryimage"},"image":{"@id":"https:\/\/larsdamkjaer.com\/vare\/naturens-4-hoejtider\/#primaryimage"},"thumbnailUrl":"https:\/\/larsdamkjaer.com\/wp-content\/uploads\/2023\/04\/Stor-yogasal_1_low-1-3.jpg","datePublished":"2023-10-27T18:01:55+00:00","dateModified":"2026-03-21T16:18:20+00:00","breadcrumb":{"@id":"https:\/\/larsdamkjaer.com\/vare\/naturens-4-hoejtider\/#breadcrumb"},"inLanguage":"en-US","potentialAction":[{"@type":"ReadAction","target":["https:\/\/larsdamkjaer.com\/vare\/naturens-4-hoejtider\/"]}]},{"@type":"ImageObject","inLanguage":"en-US","@id":"https:\/\/larsdamkjaer.com\/vare\/naturens-4-hoejtider\/#primaryimage","url":"https:\/\/larsdamkjaer.com\/wp-content\/uploads\/2023\/04\/Stor-yogasal_1_low-1-3.jpg","contentUrl":"https:\/\/larsdamkjaer.com\/wp-content\/uploads\/2023\/04\/Stor-yogasal_1_low-1-3.jpg","width":1000,"height":666},{"@type":"BreadcrumbList","@id":"https:\/\/larsdamkjaer.com\/vare\/naturens-4-hoejtider\/#breadcrumb","itemListElement":[{"@type":"ListItem","position":1,"name":"Hjem","item":"https:\/\/larsdamkjaer.com\/"},{"@type":"ListItem","position":2,"name":"Webshop","item":"https:\/\/larsdamkjaer.com\/webshop\/"},{"@type":"ListItem","position":3,"name":"Naturens h\u00f8jtider &#8211; ceremonielle workshops 2026"}]},{"@type":"WebSite","@id":"https:\/\/larsdamkjaer.com\/#website","url":"https:\/\/larsdamkjaer.com\/","name":"Lars Damkj\u00e6r","description":"Mindre stress, mere n\u00e6rv\u00e6r","publisher":{"@id":"https:\/\/larsdamkjaer.com\/#organization"},"potentialAction":[{"@type":"SearchAction","target":{"@type":"EntryPoint","urlTemplate":"https:\/\/larsdamkjaer.com\/?s={search_term_string}"},"query-input":{"@type":"PropertyValueSpecification","valueRequired":true,"valueName":"search_term_string"}}],"inLanguage":"en-US"},{"@type":"Organization","@id":"https:\/\/larsdamkjaer.com\/#organization","name":"N\u00e6rv\u00e6r","url":"https:\/\/larsdamkjaer.com\/","logo":{"@type":"ImageObject","inLanguage":"en-US","@id":"https:\/\/larsdamkjaer.com\/#\/schema\/logo\/image\/","url":"https:\/\/larsdamkjaer.com\/wp-content\/uploads\/2016\/10\/larsdamkjaerlogo.png","contentUrl":"https:\/\/larsdamkjaer.com\/wp-content\/uploads\/2016\/10\/larsdamkjaerlogo.png","width":594,"height":125,"caption":"N\u00e6rv\u00e6r"},"image":{"@id":"https:\/\/larsdamkjaer.com\/#\/schema\/logo\/image\/"},"sameAs":["https:\/\/www.facebook.com\/mindrestressmerenaervaer","https:\/\/www.instagram.com\/larsdamkjaer\/?hl=da"]}]}},"_links":{"self":[{"href":"https:\/\/larsdamkjaer.com\/en\/wp-json\/wp\/v2\/product\/13302","targetHints":{"allow":["GET"]}}],"collection":[{"href":"https:\/\/larsdamkjaer.com\/en\/wp-json\/wp\/v2\/product"}],"about":[{"href":"https:\/\/larsdamkjaer.com\/en\/wp-json\/wp\/v2\/types\/product"}],"wp:featuredmedia":[{"embeddable":true,"href":"https:\/\/larsdamkjaer.com\/en\/wp-json\/wp\/v2\/media\/12458"}],"wp:attachment":[{"href":"https:\/\/larsdamkjaer.com\/en\/wp-json\/wp\/v2\/media?parent=13302"}],"wp:term":[{"taxonomy":"product_brand","embeddable":true,"href":"https:\/\/larsdamkjaer.com\/en\/wp-json\/wp\/v2\/product_brand?post=13302"},{"taxonomy":"product_cat","embeddable":true,"href":"https:\/\/larsdamkjaer.com\/en\/wp-json\/wp\/v2\/product_cat?post=13302"},{"taxonomy":"product_tag","embeddable":true,"href":"https:\/\/larsdamkjaer.com\/en\/wp-json\/wp\/v2\/product_tag?post=13302"}],"curies":[{"name":"wp","href":"https:\/\/api.w.org\/{rel}","templated":true}]}}