{"id":14629,"date":"2025-08-06T20:43:27","date_gmt":"2025-08-06T18:43:27","guid":{"rendered":"https:\/\/larsdamkjaer.com\/?post_type=product&#038;p=14629"},"modified":"2025-09-02T09:47:11","modified_gmt":"2025-09-02T07:47:11","slug":"daemp-smerten-paperback","status":"publish","type":"product","link":"https:\/\/larsdamkjaer.com\/en\/product\/daemp-smerten-paperback\/","title":{"rendered":"D\u00e6mp smerten (Paperback)"},"content":{"rendered":"<p>Udgivet d. 2. september 2025<\/p>\n<p>Mere end 1,2 millioner danskere lever med vedvarende smerter. Et livsvilk\u00e5r, det kan v\u00e6re sv\u00e6rt at rumme. For hvad hvis smerterne ikke forsvinder? Hvordan l\u00e6rer man at h\u00e5ndtere kroniske smerter og acceptere sin nye virkelighed og identitet?<\/p>\n<p><em>D\u00e6mp smerten<\/em> kaster lys p\u00e5, hvordan du gennem bevidste valg og fravalg kan tage ejerskab over dit liv og din trivsel og leve godt p\u00e5 trods af smerter. Der er nemlig meget, man kan g\u00f8re for at \u00e6ndre b\u00e5de sin fysiske og sin mentale tilstand og f\u00e5 det bedre. Smerteh\u00e5ndtering handler s\u00e5ledes ikke blot om at l\u00e6re at leve med smerterne, men ogs\u00e5 om at finde frem til, hvilke strategier og livsstils\u00e6ndringer der virker for dig.<\/p>\n<p>Forfatteren deler ud af sin personlige smertehistorie med fibromyalgi og \u00e5rtiers erfaring med at forvalte ressourcer og d\u00e6mpe smerter ved hj\u00e6lp af yoga, mindfulness, mentaltr\u00e6ning og andre former for biohacking. Han formidler konkrete \u00f8velser og redskaber til smerteh\u00e5ndtering og guider dig til at lave din egen smertereducerende praksis. Bogen afsluttes med fort\u00e6llinger fra andre, der har l\u00e6rt at leve med deres smerter.<\/p>\n<p><strong>Lars Damkj\u00e6r<\/strong>\u00a0er cand.comm., yogal\u00e6rer, coach og mindfulness-formidler. I sit firma, N\u00e6rv\u00e6r, udbyder han coaching samt kurser, retreats og events for firmaer og private. Lars har uddannet mere end 150 yogal\u00e6rere og er i dag en af hovedunderviserne p\u00e5 yogal\u00e6reruddannelsen hos AYA School of Life. Han er desuden mindfulnessekspert p\u00e5 Danmarks st\u00f8rste yogaplatform, yogavivo.dk, forfatter til flere b\u00f8ger, bl.a. <em>Mindre stress, mere n\u00e6rv\u00e6r <\/em>(2014), samt ophavsmand til den gratis meditationsapp <em>N\u00e6rv\u00e6r.<\/em><\/p>\n<h3>Yderligere informationer<\/h3>\n<p>Bogtype: Softcover m. flapper<br \/>\nSprog: Dansk<br \/>\nSider: 176<br \/>\n1. udgave 2025<br \/>\nUdgiver: Gads Forlag<br \/>\nUdgivelsesdato: 02-09-2025<\/p>","protected":false},"excerpt":{"rendered":"<p class=\"p1\"><span class=\"s1\">Forsendelse og h\u00e5ndtering: <\/span><span class=\"s1\">45,00 DKK<\/span><\/p>\n<p class=\"p1\"><span class=\"s1\">*Pakken sendes via DAO med en leveringstid p\u00e5 1-3 hverdage over hele det danske land.<\/span><\/p>","protected":false},"featured_media":14628,"template":"","meta":[],"product_brand":[],"product_cat":[24],"product_tag":[],"class_list":{"0":"post-14629","1":"product","2":"type-product","3":"status-publish","4":"has-post-thumbnail","6":"product_cat-boeger","8":"first","9":"instock","10":"taxable","11":"shipping-taxable","12":"purchasable","13":"product-type-simple"},"yoast_head":"<!-- This site is optimized with the Yoast SEO plugin v27.1.1 - https:\/\/yoast.com\/product\/yoast-seo-wordpress\/ -->\n<title>D\u00e6mp smerten (Paperback) &#8226; Lars Damkj\u00e6r<\/title>\n<meta name=\"description\" content=\"L\u00e6r effektive strategier til smerteh\u00e5ndtering og f\u00e5 redskaber til at d\u00e6mpe smerte. Med sin personlige historie guider Lars Damkj\u00e6r dig til at h\u00e5ndtere din smerte og forbedre din livskvalitet.\" \/>\n<meta name=\"robots\" content=\"index, follow, max-snippet:-1, max-image-preview:large, max-video-preview:-1\" \/>\n<link rel=\"canonical\" href=\"https:\/\/larsdamkjaer.com\/en\/product\/daemp-smerten-paperback\/\" \/>\n<meta property=\"og:locale\" content=\"en_US\" \/>\n<meta property=\"og:type\" content=\"article\" \/>\n<meta property=\"og:title\" content=\"D\u00e6mp smerten (Paperback) &#8226; Lars Damkj\u00e6r\" \/>\n<meta property=\"og:description\" content=\"L\u00e6r effektive strategier til smerteh\u00e5ndtering og f\u00e5 redskaber til at d\u00e6mpe smerte. Med sin personlige historie guider Lars Damkj\u00e6r dig til at h\u00e5ndtere din smerte og forbedre din livskvalitet.\" \/>\n<meta property=\"og:url\" content=\"https:\/\/larsdamkjaer.com\/en\/product\/daemp-smerten-paperback\/\" \/>\n<meta property=\"og:site_name\" content=\"Lars Damkj\u00e6r\" \/>\n<meta property=\"article:publisher\" content=\"https:\/\/www.facebook.com\/mindrestressmerenaervaer\" \/>\n<meta property=\"article:modified_time\" content=\"2025-09-02T07:47:11+00:00\" \/>\n<meta property=\"og:image\" content=\"https:\/\/larsdamkjaer.com\/wp-content\/uploads\/2025\/08\/Daemp_smerten-cover.jpg\" \/>\n\t<meta property=\"og:image:width\" content=\"1200\" \/>\n\t<meta property=\"og:image:height\" content=\"1200\" \/>\n\t<meta property=\"og:image:type\" content=\"image\/jpeg\" \/>\n<meta name=\"twitter:card\" content=\"summary_large_image\" \/>\n<meta name=\"twitter:label1\" content=\"Est. reading time\" \/>\n\t<meta name=\"twitter:data1\" content=\"2 minutes\" \/>\n<script type=\"application\/ld+json\" class=\"yoast-schema-graph\">{\"@context\":\"https:\/\/schema.org\",\"@graph\":[{\"@type\":\"WebPage\",\"@id\":\"https:\/\/larsdamkjaer.com\/vare\/daemp-smerten-paperback\/\",\"url\":\"https:\/\/larsdamkjaer.com\/vare\/daemp-smerten-paperback\/\",\"name\":\"D\u00e6mp smerten (Paperback) &#8226; Lars Damkj\u00e6r\",\"isPartOf\":{\"@id\":\"https:\/\/larsdamkjaer.com\/#website\"},\"primaryImageOfPage\":{\"@id\":\"https:\/\/larsdamkjaer.com\/vare\/daemp-smerten-paperback\/#primaryimage\"},\"image\":{\"@id\":\"https:\/\/larsdamkjaer.com\/vare\/daemp-smerten-paperback\/#primaryimage\"},\"thumbnailUrl\":\"https:\/\/larsdamkjaer.com\/wp-content\/uploads\/2025\/08\/Daemp_smerten-cover.jpg\",\"datePublished\":\"2025-08-06T18:43:27+00:00\",\"dateModified\":\"2025-09-02T07:47:11+00:00\",\"description\":\"L\u00e6r effektive strategier til smerteh\u00e5ndtering og f\u00e5 redskaber til at d\u00e6mpe smerte. Med sin personlige historie guider Lars Damkj\u00e6r dig til at h\u00e5ndtere din smerte og forbedre din livskvalitet.\",\"breadcrumb\":{\"@id\":\"https:\/\/larsdamkjaer.com\/vare\/daemp-smerten-paperback\/#breadcrumb\"},\"inLanguage\":\"en-US\",\"potentialAction\":[{\"@type\":\"ReadAction\",\"target\":[\"https:\/\/larsdamkjaer.com\/vare\/daemp-smerten-paperback\/\"]}]},{\"@type\":\"ImageObject\",\"inLanguage\":\"en-US\",\"@id\":\"https:\/\/larsdamkjaer.com\/vare\/daemp-smerten-paperback\/#primaryimage\",\"url\":\"https:\/\/larsdamkjaer.com\/wp-content\/uploads\/2025\/08\/Daemp_smerten-cover.jpg\",\"contentUrl\":\"https:\/\/larsdamkjaer.com\/wp-content\/uploads\/2025\/08\/Daemp_smerten-cover.jpg\",\"width\":1200,\"height\":1200},{\"@type\":\"BreadcrumbList\",\"@id\":\"https:\/\/larsdamkjaer.com\/vare\/daemp-smerten-paperback\/#breadcrumb\",\"itemListElement\":[{\"@type\":\"ListItem\",\"position\":1,\"name\":\"Hjem\",\"item\":\"https:\/\/larsdamkjaer.com\/\"},{\"@type\":\"ListItem\",\"position\":2,\"name\":\"Webshop\",\"item\":\"https:\/\/larsdamkjaer.com\/webshop\/\"},{\"@type\":\"ListItem\",\"position\":3,\"name\":\"D\u00e6mp smerten (Paperback)\"}]},{\"@type\":\"WebSite\",\"@id\":\"https:\/\/larsdamkjaer.com\/#website\",\"url\":\"https:\/\/larsdamkjaer.com\/\",\"name\":\"Lars Damkj\u00e6r\",\"description\":\"Mindre stress, mere n\u00e6rv\u00e6r\",\"publisher\":{\"@id\":\"https:\/\/larsdamkjaer.com\/#organization\"},\"potentialAction\":[{\"@type\":\"SearchAction\",\"target\":{\"@type\":\"EntryPoint\",\"urlTemplate\":\"https:\/\/larsdamkjaer.com\/?s={search_term_string}\"},\"query-input\":{\"@type\":\"PropertyValueSpecification\",\"valueRequired\":true,\"valueName\":\"search_term_string\"}}],\"inLanguage\":\"en-US\"},{\"@type\":\"Organization\",\"@id\":\"https:\/\/larsdamkjaer.com\/#organization\",\"name\":\"N\u00e6rv\u00e6r\",\"url\":\"https:\/\/larsdamkjaer.com\/\",\"logo\":{\"@type\":\"ImageObject\",\"inLanguage\":\"en-US\",\"@id\":\"https:\/\/larsdamkjaer.com\/#\/schema\/logo\/image\/\",\"url\":\"https:\/\/larsdamkjaer.com\/wp-content\/uploads\/2016\/10\/larsdamkjaerlogo.png\",\"contentUrl\":\"https:\/\/larsdamkjaer.com\/wp-content\/uploads\/2016\/10\/larsdamkjaerlogo.png\",\"width\":594,\"height\":125,\"caption\":\"N\u00e6rv\u00e6r\"},\"image\":{\"@id\":\"https:\/\/larsdamkjaer.com\/#\/schema\/logo\/image\/\"},\"sameAs\":[\"https:\/\/www.facebook.com\/mindrestressmerenaervaer\",\"https:\/\/www.instagram.com\/larsdamkjaer\/?hl=da\"]}]}<\/script>\n<!-- \/ Yoast SEO plugin. -->","yoast_head_json":{"title":"D\u00e6mp smerten (Paperback) &#8226; Lars Damkj\u00e6r","description":"L\u00e6r effektive strategier til smerteh\u00e5ndtering og f\u00e5 redskaber til at d\u00e6mpe smerte. Med sin personlige historie guider Lars Damkj\u00e6r dig til at h\u00e5ndtere din smerte og forbedre din livskvalitet.","robots":{"index":"index","follow":"follow","max-snippet":"max-snippet:-1","max-image-preview":"max-image-preview:large","max-video-preview":"max-video-preview:-1"},"canonical":"https:\/\/larsdamkjaer.com\/en\/product\/daemp-smerten-paperback\/","og_locale":"en_US","og_type":"article","og_title":"D\u00e6mp smerten (Paperback) &#8226; Lars Damkj\u00e6r","og_description":"L\u00e6r effektive strategier til smerteh\u00e5ndtering og f\u00e5 redskaber til at d\u00e6mpe smerte. Med sin personlige historie guider Lars Damkj\u00e6r dig til at h\u00e5ndtere din smerte og forbedre din livskvalitet.","og_url":"https:\/\/larsdamkjaer.com\/en\/product\/daemp-smerten-paperback\/","og_site_name":"Lars Damkj\u00e6r","article_publisher":"https:\/\/www.facebook.com\/mindrestressmerenaervaer","article_modified_time":"2025-09-02T07:47:11+00:00","og_image":[{"width":1200,"height":1200,"url":"https:\/\/larsdamkjaer.com\/wp-content\/uploads\/2025\/08\/Daemp_smerten-cover.jpg","type":"image\/jpeg"}],"twitter_card":"summary_large_image","twitter_misc":{"Est. reading time":"2 minutes"},"schema":{"@context":"https:\/\/schema.org","@graph":[{"@type":"WebPage","@id":"https:\/\/larsdamkjaer.com\/vare\/daemp-smerten-paperback\/","url":"https:\/\/larsdamkjaer.com\/vare\/daemp-smerten-paperback\/","name":"D\u00e6mp smerten (Paperback) &#8226; Lars Damkj\u00e6r","isPartOf":{"@id":"https:\/\/larsdamkjaer.com\/#website"},"primaryImageOfPage":{"@id":"https:\/\/larsdamkjaer.com\/vare\/daemp-smerten-paperback\/#primaryimage"},"image":{"@id":"https:\/\/larsdamkjaer.com\/vare\/daemp-smerten-paperback\/#primaryimage"},"thumbnailUrl":"https:\/\/larsdamkjaer.com\/wp-content\/uploads\/2025\/08\/Daemp_smerten-cover.jpg","datePublished":"2025-08-06T18:43:27+00:00","dateModified":"2025-09-02T07:47:11+00:00","description":"L\u00e6r effektive strategier til smerteh\u00e5ndtering og f\u00e5 redskaber til at d\u00e6mpe smerte. Med sin personlige historie guider Lars Damkj\u00e6r dig til at h\u00e5ndtere din smerte og forbedre din livskvalitet.","breadcrumb":{"@id":"https:\/\/larsdamkjaer.com\/vare\/daemp-smerten-paperback\/#breadcrumb"},"inLanguage":"en-US","potentialAction":[{"@type":"ReadAction","target":["https:\/\/larsdamkjaer.com\/vare\/daemp-smerten-paperback\/"]}]},{"@type":"ImageObject","inLanguage":"en-US","@id":"https:\/\/larsdamkjaer.com\/vare\/daemp-smerten-paperback\/#primaryimage","url":"https:\/\/larsdamkjaer.com\/wp-content\/uploads\/2025\/08\/Daemp_smerten-cover.jpg","contentUrl":"https:\/\/larsdamkjaer.com\/wp-content\/uploads\/2025\/08\/Daemp_smerten-cover.jpg","width":1200,"height":1200},{"@type":"BreadcrumbList","@id":"https:\/\/larsdamkjaer.com\/vare\/daemp-smerten-paperback\/#breadcrumb","itemListElement":[{"@type":"ListItem","position":1,"name":"Hjem","item":"https:\/\/larsdamkjaer.com\/"},{"@type":"ListItem","position":2,"name":"Webshop","item":"https:\/\/larsdamkjaer.com\/webshop\/"},{"@type":"ListItem","position":3,"name":"D\u00e6mp smerten (Paperback)"}]},{"@type":"WebSite","@id":"https:\/\/larsdamkjaer.com\/#website","url":"https:\/\/larsdamkjaer.com\/","name":"Lars Damkj\u00e6r","description":"Mindre stress, mere n\u00e6rv\u00e6r","publisher":{"@id":"https:\/\/larsdamkjaer.com\/#organization"},"potentialAction":[{"@type":"SearchAction","target":{"@type":"EntryPoint","urlTemplate":"https:\/\/larsdamkjaer.com\/?s={search_term_string}"},"query-input":{"@type":"PropertyValueSpecification","valueRequired":true,"valueName":"search_term_string"}}],"inLanguage":"en-US"},{"@type":"Organization","@id":"https:\/\/larsdamkjaer.com\/#organization","name":"N\u00e6rv\u00e6r","url":"https:\/\/larsdamkjaer.com\/","logo":{"@type":"ImageObject","inLanguage":"en-US","@id":"https:\/\/larsdamkjaer.com\/#\/schema\/logo\/image\/","url":"https:\/\/larsdamkjaer.com\/wp-content\/uploads\/2016\/10\/larsdamkjaerlogo.png","contentUrl":"https:\/\/larsdamkjaer.com\/wp-content\/uploads\/2016\/10\/larsdamkjaerlogo.png","width":594,"height":125,"caption":"N\u00e6rv\u00e6r"},"image":{"@id":"https:\/\/larsdamkjaer.com\/#\/schema\/logo\/image\/"},"sameAs":["https:\/\/www.facebook.com\/mindrestressmerenaervaer","https:\/\/www.instagram.com\/larsdamkjaer\/?hl=da"]}]}},"_links":{"self":[{"href":"https:\/\/larsdamkjaer.com\/en\/wp-json\/wp\/v2\/product\/14629","targetHints":{"allow":["GET"]}}],"collection":[{"href":"https:\/\/larsdamkjaer.com\/en\/wp-json\/wp\/v2\/product"}],"about":[{"href":"https:\/\/larsdamkjaer.com\/en\/wp-json\/wp\/v2\/types\/product"}],"wp:featuredmedia":[{"embeddable":true,"href":"https:\/\/larsdamkjaer.com\/en\/wp-json\/wp\/v2\/media\/14628"}],"wp:attachment":[{"href":"https:\/\/larsdamkjaer.com\/en\/wp-json\/wp\/v2\/media?parent=14629"}],"wp:term":[{"taxonomy":"product_brand","embeddable":true,"href":"https:\/\/larsdamkjaer.com\/en\/wp-json\/wp\/v2\/product_brand?post=14629"},{"taxonomy":"product_cat","embeddable":true,"href":"https:\/\/larsdamkjaer.com\/en\/wp-json\/wp\/v2\/product_cat?post=14629"},{"taxonomy":"product_tag","embeddable":true,"href":"https:\/\/larsdamkjaer.com\/en\/wp-json\/wp\/v2\/product_tag?post=14629"}],"curies":[{"name":"wp","href":"https:\/\/api.w.org\/{rel}","templated":true}]}}