{"id":6227,"date":"2016-10-12T10:24:29","date_gmt":"2016-10-12T10:24:29","guid":{"rendered":"https:\/\/larsdamkjaer.com\/product\/mindre-stress-mere-naervaer\/"},"modified":"2025-08-06T14:44:38","modified_gmt":"2025-08-06T12:44:38","slug":"mindre-stress-mere-naervaer","status":"publish","type":"product","link":"https:\/\/larsdamkjaer.com\/en\/product\/mindre-stress-mere-naervaer\/","title":{"rendered":"Mindre stress, mere n\u00e6rv\u00e6r (Paperback)"},"content":{"rendered":"<p>I bogen MINDRE STRESS, MERE N\u00c6RV\u00c6R giver stresscoach og mindfulness-instrukt\u00f8r Lars Damkj\u00e6r sine bud p\u00e5, hvordan vi kan l\u00e6re at stoppe op og blive bedre til at st\u00e5 imod og h\u00e5ndtere de stigende udfordringer og krav, vi uds\u00e6ttes for.<\/p>\n<p>Bogen indledes med en kort introduktion til selve stressbegrebet og vores evne til at balancere mellem krav og ressourcer. Herefter dykker forfatteren ned i en r\u00e6kke f\u00e6nomener, som kan v\u00e6re med til afd\u00e6kke, hvad der stresser os \u2013 og hvad der giver os overskud i hverdagen. Det kan fx v\u00e6re i forhold til vores arbejdssituation, vores grundl\u00e6ggende v\u00e6rdier og dr\u00f8mme samt vores relationer.<\/p>\n<p>Der tages specifikt fat om brugen af sociale medier og problematikken online-afh\u00e6ngighed, som flere og flere af os lider af \u2013 ofte uden at vide det.<\/p>\n<p>L\u00e6seren bliver l\u00f8bende pr\u00e6senteret for simple v\u00e6rkt\u00f8jer og forslag til, hvordan vi selv kan blive opm\u00e6rksomme p\u00e5 stressf\u00e6lder og \u00e5ndehuller og derudfra tr\u00e6ffe et valg. I bogens sidste del beskrives metoder til at f\u00e5 fokus p\u00e5 det at v\u00e6re i nuet gennem mindfulness-meditationer, \u00e5ndedr\u00e6ts\u00f8velser og yogapraksis. Tr\u00e6ning og rutiner er en foruds\u00e6tning for at opn\u00e5 et godt resultat, og l\u00e6seren f\u00e5r via QR-koder i bogen direkte adgang til lydfiler med konkrete \u00f8velser.<\/p>\n<p>MINDRE STRESS, MERE N\u00c6RV\u00c6R henvender sig til alle, som gerne vil blive bedre til at stoppe op m\u00e6rke n\u00e6rv\u00e6ret, og til dem, som tr\u00e6nger til inspiration til, hvordan man m\u00f8der sin indre kritiker med venlighed.<\/p>\n<h3>Yderligere informationer<\/h3>\n<p><label class=\"label\">Bogtype: <\/label>H\u00e6ftet<br \/>\nSprog: Dansk<br \/>\n<label class=\"label\">Sider: <\/label>168<br \/>\n<label class=\"label\">Udgivet: 19-06-2014<\/label><\/p>","protected":false},"excerpt":{"rendered":"<p class=\"p1\"><span class=\"s1\">Forsendelse og h\u00e5ndtering:<br \/>\n<\/span><span class=\"s1\">45,00 DKK<\/span><\/p>\n<p class=\"p1\"><span class=\"s1\">*Pakken sendes via DAO med en leveringstid p\u00e5 1-3 hverdage over hele det danske land.<\/span><\/p>","protected":false},"featured_media":6228,"template":"","meta":[],"product_brand":[],"product_cat":[24],"product_tag":[],"class_list":{"0":"post-6227","1":"product","2":"type-product","3":"status-publish","4":"has-post-thumbnail","6":"product_cat-boeger","8":"first","9":"instock","10":"taxable","11":"shipping-taxable","12":"purchasable","13":"product-type-simple"},"yoast_head":"<!-- This site is optimized with the Yoast SEO plugin v27.1.1 - https:\/\/yoast.com\/product\/yoast-seo-wordpress\/ -->\n<title>Mindre stress, mere n\u00e6rv\u00e6r (Paperback) &#8226; Lars Damkj\u00e6r<\/title>\n<meta name=\"robots\" content=\"index, follow, max-snippet:-1, max-image-preview:large, max-video-preview:-1\" \/>\n<link rel=\"canonical\" href=\"https:\/\/larsdamkjaer.com\/en\/product\/mindre-stress-mere-naervaer\/\" \/>\n<meta property=\"og:locale\" content=\"en_US\" \/>\n<meta property=\"og:type\" content=\"article\" \/>\n<meta property=\"og:title\" content=\"Mindre stress, mere n\u00e6rv\u00e6r (Paperback) &#8226; Lars Damkj\u00e6r\" \/>\n<meta property=\"og:description\" content=\"Forsendelse og h\u00e5ndtering: 45,00 DKK *Pakken sendes via DAO med en leveringstid p\u00e5 1-3 hverdage over hele det danske land.\" \/>\n<meta property=\"og:url\" content=\"https:\/\/larsdamkjaer.com\/en\/product\/mindre-stress-mere-naervaer\/\" \/>\n<meta property=\"og:site_name\" content=\"Lars Damkj\u00e6r\" \/>\n<meta property=\"article:publisher\" content=\"https:\/\/www.facebook.com\/mindrestressmerenaervaer\" \/>\n<meta property=\"article:modified_time\" content=\"2025-08-06T12:44:38+00:00\" \/>\n<meta property=\"og:image\" content=\"https:\/\/larsdamkjaer.com\/wp-content\/uploads\/2016\/10\/mindrestressmerenaervaercover.png\" \/>\n\t<meta property=\"og:image:width\" content=\"800\" \/>\n\t<meta property=\"og:image:height\" content=\"800\" \/>\n\t<meta property=\"og:image:type\" content=\"image\/png\" \/>\n<meta name=\"twitter:card\" content=\"summary_large_image\" \/>\n<meta name=\"twitter:label1\" content=\"Est. reading time\" \/>\n\t<meta name=\"twitter:data1\" content=\"2 minutes\" \/>\n<script type=\"application\/ld+json\" class=\"yoast-schema-graph\">{\"@context\":\"https:\/\/schema.org\",\"@graph\":[{\"@type\":\"WebPage\",\"@id\":\"https:\/\/larsdamkjaer.com\/vare\/mindre-stress-mere-naervaer\/\",\"url\":\"https:\/\/larsdamkjaer.com\/vare\/mindre-stress-mere-naervaer\/\",\"name\":\"Mindre stress, mere n\u00e6rv\u00e6r (Paperback) &#8226; Lars Damkj\u00e6r\",\"isPartOf\":{\"@id\":\"https:\/\/larsdamkjaer.com\/#website\"},\"primaryImageOfPage\":{\"@id\":\"https:\/\/larsdamkjaer.com\/vare\/mindre-stress-mere-naervaer\/#primaryimage\"},\"image\":{\"@id\":\"https:\/\/larsdamkjaer.com\/vare\/mindre-stress-mere-naervaer\/#primaryimage\"},\"thumbnailUrl\":\"https:\/\/larsdamkjaer.com\/wp-content\/uploads\/2016\/10\/mindrestressmerenaervaercover.png\",\"datePublished\":\"2016-10-12T10:24:29+00:00\",\"dateModified\":\"2025-08-06T12:44:38+00:00\",\"breadcrumb\":{\"@id\":\"https:\/\/larsdamkjaer.com\/vare\/mindre-stress-mere-naervaer\/#breadcrumb\"},\"inLanguage\":\"en-US\",\"potentialAction\":[{\"@type\":\"ReadAction\",\"target\":[\"https:\/\/larsdamkjaer.com\/vare\/mindre-stress-mere-naervaer\/\"]}]},{\"@type\":\"ImageObject\",\"inLanguage\":\"en-US\",\"@id\":\"https:\/\/larsdamkjaer.com\/vare\/mindre-stress-mere-naervaer\/#primaryimage\",\"url\":\"https:\/\/larsdamkjaer.com\/wp-content\/uploads\/2016\/10\/mindrestressmerenaervaercover.png\",\"contentUrl\":\"https:\/\/larsdamkjaer.com\/wp-content\/uploads\/2016\/10\/mindrestressmerenaervaercover.png\",\"width\":800,\"height\":800},{\"@type\":\"BreadcrumbList\",\"@id\":\"https:\/\/larsdamkjaer.com\/vare\/mindre-stress-mere-naervaer\/#breadcrumb\",\"itemListElement\":[{\"@type\":\"ListItem\",\"position\":1,\"name\":\"Hjem\",\"item\":\"https:\/\/larsdamkjaer.com\/\"},{\"@type\":\"ListItem\",\"position\":2,\"name\":\"Webshop\",\"item\":\"https:\/\/larsdamkjaer.com\/webshop\/\"},{\"@type\":\"ListItem\",\"position\":3,\"name\":\"Mindre stress, mere n\u00e6rv\u00e6r (Paperback)\"}]},{\"@type\":\"WebSite\",\"@id\":\"https:\/\/larsdamkjaer.com\/#website\",\"url\":\"https:\/\/larsdamkjaer.com\/\",\"name\":\"Lars Damkj\u00e6r\",\"description\":\"Mindre stress, mere n\u00e6rv\u00e6r\",\"publisher\":{\"@id\":\"https:\/\/larsdamkjaer.com\/#organization\"},\"potentialAction\":[{\"@type\":\"SearchAction\",\"target\":{\"@type\":\"EntryPoint\",\"urlTemplate\":\"https:\/\/larsdamkjaer.com\/?s={search_term_string}\"},\"query-input\":{\"@type\":\"PropertyValueSpecification\",\"valueRequired\":true,\"valueName\":\"search_term_string\"}}],\"inLanguage\":\"en-US\"},{\"@type\":\"Organization\",\"@id\":\"https:\/\/larsdamkjaer.com\/#organization\",\"name\":\"N\u00e6rv\u00e6r\",\"url\":\"https:\/\/larsdamkjaer.com\/\",\"logo\":{\"@type\":\"ImageObject\",\"inLanguage\":\"en-US\",\"@id\":\"https:\/\/larsdamkjaer.com\/#\/schema\/logo\/image\/\",\"url\":\"https:\/\/larsdamkjaer.com\/wp-content\/uploads\/2016\/10\/larsdamkjaerlogo.png\",\"contentUrl\":\"https:\/\/larsdamkjaer.com\/wp-content\/uploads\/2016\/10\/larsdamkjaerlogo.png\",\"width\":594,\"height\":125,\"caption\":\"N\u00e6rv\u00e6r\"},\"image\":{\"@id\":\"https:\/\/larsdamkjaer.com\/#\/schema\/logo\/image\/\"},\"sameAs\":[\"https:\/\/www.facebook.com\/mindrestressmerenaervaer\",\"https:\/\/www.instagram.com\/larsdamkjaer\/?hl=da\"]}]}<\/script>\n<!-- \/ Yoast SEO plugin. -->","yoast_head_json":{"title":"Mindre stress, mere n\u00e6rv\u00e6r (Paperback) &#8226; Lars Damkj\u00e6r","robots":{"index":"index","follow":"follow","max-snippet":"max-snippet:-1","max-image-preview":"max-image-preview:large","max-video-preview":"max-video-preview:-1"},"canonical":"https:\/\/larsdamkjaer.com\/en\/product\/mindre-stress-mere-naervaer\/","og_locale":"en_US","og_type":"article","og_title":"Mindre stress, mere n\u00e6rv\u00e6r (Paperback) &#8226; Lars Damkj\u00e6r","og_description":"Forsendelse og h\u00e5ndtering: 45,00 DKK *Pakken sendes via DAO med en leveringstid p\u00e5 1-3 hverdage over hele det danske land.","og_url":"https:\/\/larsdamkjaer.com\/en\/product\/mindre-stress-mere-naervaer\/","og_site_name":"Lars Damkj\u00e6r","article_publisher":"https:\/\/www.facebook.com\/mindrestressmerenaervaer","article_modified_time":"2025-08-06T12:44:38+00:00","og_image":[{"width":800,"height":800,"url":"https:\/\/larsdamkjaer.com\/wp-content\/uploads\/2016\/10\/mindrestressmerenaervaercover.png","type":"image\/png"}],"twitter_card":"summary_large_image","twitter_misc":{"Est. reading time":"2 minutes"},"schema":{"@context":"https:\/\/schema.org","@graph":[{"@type":"WebPage","@id":"https:\/\/larsdamkjaer.com\/vare\/mindre-stress-mere-naervaer\/","url":"https:\/\/larsdamkjaer.com\/vare\/mindre-stress-mere-naervaer\/","name":"Mindre stress, mere n\u00e6rv\u00e6r (Paperback) &#8226; Lars Damkj\u00e6r","isPartOf":{"@id":"https:\/\/larsdamkjaer.com\/#website"},"primaryImageOfPage":{"@id":"https:\/\/larsdamkjaer.com\/vare\/mindre-stress-mere-naervaer\/#primaryimage"},"image":{"@id":"https:\/\/larsdamkjaer.com\/vare\/mindre-stress-mere-naervaer\/#primaryimage"},"thumbnailUrl":"https:\/\/larsdamkjaer.com\/wp-content\/uploads\/2016\/10\/mindrestressmerenaervaercover.png","datePublished":"2016-10-12T10:24:29+00:00","dateModified":"2025-08-06T12:44:38+00:00","breadcrumb":{"@id":"https:\/\/larsdamkjaer.com\/vare\/mindre-stress-mere-naervaer\/#breadcrumb"},"inLanguage":"en-US","potentialAction":[{"@type":"ReadAction","target":["https:\/\/larsdamkjaer.com\/vare\/mindre-stress-mere-naervaer\/"]}]},{"@type":"ImageObject","inLanguage":"en-US","@id":"https:\/\/larsdamkjaer.com\/vare\/mindre-stress-mere-naervaer\/#primaryimage","url":"https:\/\/larsdamkjaer.com\/wp-content\/uploads\/2016\/10\/mindrestressmerenaervaercover.png","contentUrl":"https:\/\/larsdamkjaer.com\/wp-content\/uploads\/2016\/10\/mindrestressmerenaervaercover.png","width":800,"height":800},{"@type":"BreadcrumbList","@id":"https:\/\/larsdamkjaer.com\/vare\/mindre-stress-mere-naervaer\/#breadcrumb","itemListElement":[{"@type":"ListItem","position":1,"name":"Hjem","item":"https:\/\/larsdamkjaer.com\/"},{"@type":"ListItem","position":2,"name":"Webshop","item":"https:\/\/larsdamkjaer.com\/webshop\/"},{"@type":"ListItem","position":3,"name":"Mindre stress, mere n\u00e6rv\u00e6r (Paperback)"}]},{"@type":"WebSite","@id":"https:\/\/larsdamkjaer.com\/#website","url":"https:\/\/larsdamkjaer.com\/","name":"Lars Damkj\u00e6r","description":"Mindre stress, mere n\u00e6rv\u00e6r","publisher":{"@id":"https:\/\/larsdamkjaer.com\/#organization"},"potentialAction":[{"@type":"SearchAction","target":{"@type":"EntryPoint","urlTemplate":"https:\/\/larsdamkjaer.com\/?s={search_term_string}"},"query-input":{"@type":"PropertyValueSpecification","valueRequired":true,"valueName":"search_term_string"}}],"inLanguage":"en-US"},{"@type":"Organization","@id":"https:\/\/larsdamkjaer.com\/#organization","name":"N\u00e6rv\u00e6r","url":"https:\/\/larsdamkjaer.com\/","logo":{"@type":"ImageObject","inLanguage":"en-US","@id":"https:\/\/larsdamkjaer.com\/#\/schema\/logo\/image\/","url":"https:\/\/larsdamkjaer.com\/wp-content\/uploads\/2016\/10\/larsdamkjaerlogo.png","contentUrl":"https:\/\/larsdamkjaer.com\/wp-content\/uploads\/2016\/10\/larsdamkjaerlogo.png","width":594,"height":125,"caption":"N\u00e6rv\u00e6r"},"image":{"@id":"https:\/\/larsdamkjaer.com\/#\/schema\/logo\/image\/"},"sameAs":["https:\/\/www.facebook.com\/mindrestressmerenaervaer","https:\/\/www.instagram.com\/larsdamkjaer\/?hl=da"]}]}},"_links":{"self":[{"href":"https:\/\/larsdamkjaer.com\/en\/wp-json\/wp\/v2\/product\/6227","targetHints":{"allow":["GET"]}}],"collection":[{"href":"https:\/\/larsdamkjaer.com\/en\/wp-json\/wp\/v2\/product"}],"about":[{"href":"https:\/\/larsdamkjaer.com\/en\/wp-json\/wp\/v2\/types\/product"}],"wp:featuredmedia":[{"embeddable":true,"href":"https:\/\/larsdamkjaer.com\/en\/wp-json\/wp\/v2\/media\/6228"}],"wp:attachment":[{"href":"https:\/\/larsdamkjaer.com\/en\/wp-json\/wp\/v2\/media?parent=6227"}],"wp:term":[{"taxonomy":"product_brand","embeddable":true,"href":"https:\/\/larsdamkjaer.com\/en\/wp-json\/wp\/v2\/product_brand?post=6227"},{"taxonomy":"product_cat","embeddable":true,"href":"https:\/\/larsdamkjaer.com\/en\/wp-json\/wp\/v2\/product_cat?post=6227"},{"taxonomy":"product_tag","embeddable":true,"href":"https:\/\/larsdamkjaer.com\/en\/wp-json\/wp\/v2\/product_tag?post=6227"}],"curies":[{"name":"wp","href":"https:\/\/api.w.org\/{rel}","templated":true}]}}