{"id":6229,"date":"2016-10-12T10:32:32","date_gmt":"2016-10-12T10:32:32","guid":{"rendered":"https:\/\/larsdamkjaer.com\/product\/samadhi\/"},"modified":"2025-08-06T14:42:44","modified_gmt":"2025-08-06T12:42:44","slug":"samadhi-paperback","status":"publish","type":"product","link":"https:\/\/larsdamkjaer.com\/en\/product\/samadhi-paperback\/","title":{"rendered":"Samadhi (Paperback)"},"content":{"rendered":"<p>&#8220;En dag vendes der op og ned p\u00e5 den 30-\u00e5rige Adams liv, da han uventet f\u00e5r en Hiv-diagnose. Diagnosen bliver starten p\u00e5 en indre og ydre rejse og en r\u00e6kke dramatiske h\u00e6ndelser. Drevet af passion og vilje til at finde n\u00f8glen til egen helbredelse rejser Adam til Sri Lanka og opbygger en ayurvedaskole i et jungleomr\u00e5de. Langt v\u00e6k fra de danske l\u00e6ger. Langt v\u00e6k fra d\u00f8d og sygdom. Men livet i paradis har en bagside, og da Adam indvikles i lokalsamfundets intriger og hemmeligheder, s\u00e6ttes diagnosen og livet i et nyt lys.<\/p>\n<p>Lars Damkj\u00e6rs debutromanen Samadhi er baseret p\u00e5 virkelige h\u00e6ndelser. Samadhi handler om at udleve sine dr\u00f8mme og v\u00e6re tro mod og handle p\u00e5 sine visioner p\u00e5 trods af, og p\u00e5 grund af, en livskrise. Om at v\u00e6re styret af passion og forstyrret af frygten for at blive afsl\u00f8ret og udst\u00f8dt. Det er en levende beretning om kulturm\u00f8der og kulturchok og diskrimination af minoriteter.&#8221;<\/p>\n<p><strong>Yderligere informationer<\/strong><\/p>\n<p>Bogtype: H\u00e6ftet<br \/>\nSprog: Dansk<br \/>\nSider: 233<br \/>\nUdgivet: 30-11-2011<\/p>","protected":false},"excerpt":{"rendered":"<p class=\"p1\"><span class=\"s1\">Forsendelse og h\u00e5ndtering:<br \/>\n<\/span><span class=\"s1\">45,00 DKK<\/span><\/p>\n<p class=\"p1\"><span class=\"s1\">*Pakken sendes via DAO med en leveringstid p\u00e5 1-3 hverdage over hele det danske land.<\/span><\/p>","protected":false},"featured_media":6230,"template":"","meta":[],"product_brand":[],"product_cat":[24],"product_tag":[],"class_list":{"0":"post-6229","1":"product","2":"type-product","3":"status-publish","4":"has-post-thumbnail","6":"product_cat-boeger","8":"first","9":"instock","10":"taxable","11":"shipping-taxable","12":"purchasable","13":"product-type-simple"},"yoast_head":"<!-- This site is optimized with the Yoast SEO plugin v27.1.1 - https:\/\/yoast.com\/product\/yoast-seo-wordpress\/ -->\n<title>Samadhi (Paperback) &#8226; Lars Damkj\u00e6r<\/title>\n<meta name=\"description\" content=\"Lars Damkj\u00e6rs debutromanen Samadhi er baseret p\u00e5 virkelige h\u00e6ndelser. Samadhi handler om at udleve sine dr\u00f8mme og v\u00e6re tro mod og handle p\u00e5 sine visioner p\u00e5 trods af, og p\u00e5 grund af, en livskrise.\" \/>\n<meta name=\"robots\" content=\"index, follow, max-snippet:-1, max-image-preview:large, max-video-preview:-1\" \/>\n<link rel=\"canonical\" href=\"https:\/\/larsdamkjaer.com\/en\/product\/samadhi-paperback\/\" \/>\n<meta property=\"og:locale\" content=\"en_US\" \/>\n<meta property=\"og:type\" content=\"article\" \/>\n<meta property=\"og:title\" content=\"Samadhi (Paperback) &#8226; Lars Damkj\u00e6r\" \/>\n<meta property=\"og:description\" content=\"Lars Damkj\u00e6rs debutromanen Samadhi er baseret p\u00e5 virkelige h\u00e6ndelser. Samadhi handler om at udleve sine dr\u00f8mme og v\u00e6re tro mod og handle p\u00e5 sine visioner p\u00e5 trods af, og p\u00e5 grund af, en livskrise.\" \/>\n<meta property=\"og:url\" content=\"https:\/\/larsdamkjaer.com\/en\/product\/samadhi-paperback\/\" \/>\n<meta property=\"og:site_name\" content=\"Lars Damkj\u00e6r\" \/>\n<meta property=\"article:publisher\" content=\"https:\/\/www.facebook.com\/mindrestressmerenaervaer\" \/>\n<meta property=\"article:modified_time\" content=\"2025-08-06T12:42:44+00:00\" \/>\n<meta property=\"og:image\" content=\"https:\/\/larsdamkjaer.com\/wp-content\/uploads\/2016\/10\/samadhicover.png\" \/>\n\t<meta property=\"og:image:width\" content=\"800\" \/>\n\t<meta property=\"og:image:height\" content=\"800\" \/>\n\t<meta property=\"og:image:type\" content=\"image\/png\" \/>\n<meta name=\"twitter:card\" content=\"summary_large_image\" \/>\n<meta name=\"twitter:label1\" content=\"Est. reading time\" \/>\n\t<meta name=\"twitter:data1\" content=\"2 minutes\" \/>\n<script type=\"application\/ld+json\" class=\"yoast-schema-graph\">{\"@context\":\"https:\/\/schema.org\",\"@graph\":[{\"@type\":\"WebPage\",\"@id\":\"https:\/\/larsdamkjaer.com\/vare\/samadhi-paperback\/\",\"url\":\"https:\/\/larsdamkjaer.com\/vare\/samadhi-paperback\/\",\"name\":\"Samadhi (Paperback) &#8226; Lars Damkj\u00e6r\",\"isPartOf\":{\"@id\":\"https:\/\/larsdamkjaer.com\/#website\"},\"primaryImageOfPage\":{\"@id\":\"https:\/\/larsdamkjaer.com\/vare\/samadhi-paperback\/#primaryimage\"},\"image\":{\"@id\":\"https:\/\/larsdamkjaer.com\/vare\/samadhi-paperback\/#primaryimage\"},\"thumbnailUrl\":\"https:\/\/larsdamkjaer.com\/wp-content\/uploads\/2016\/10\/samadhicover.png\",\"datePublished\":\"2016-10-12T10:32:32+00:00\",\"dateModified\":\"2025-08-06T12:42:44+00:00\",\"description\":\"Lars Damkj\u00e6rs debutromanen Samadhi er baseret p\u00e5 virkelige h\u00e6ndelser. Samadhi handler om at udleve sine dr\u00f8mme og v\u00e6re tro mod og handle p\u00e5 sine visioner p\u00e5 trods af, og p\u00e5 grund af, en livskrise.\",\"breadcrumb\":{\"@id\":\"https:\/\/larsdamkjaer.com\/vare\/samadhi-paperback\/#breadcrumb\"},\"inLanguage\":\"en-US\",\"potentialAction\":[{\"@type\":\"ReadAction\",\"target\":[\"https:\/\/larsdamkjaer.com\/vare\/samadhi-paperback\/\"]}]},{\"@type\":\"ImageObject\",\"inLanguage\":\"en-US\",\"@id\":\"https:\/\/larsdamkjaer.com\/vare\/samadhi-paperback\/#primaryimage\",\"url\":\"https:\/\/larsdamkjaer.com\/wp-content\/uploads\/2016\/10\/samadhicover.png\",\"contentUrl\":\"https:\/\/larsdamkjaer.com\/wp-content\/uploads\/2016\/10\/samadhicover.png\",\"width\":800,\"height\":800},{\"@type\":\"BreadcrumbList\",\"@id\":\"https:\/\/larsdamkjaer.com\/vare\/samadhi-paperback\/#breadcrumb\",\"itemListElement\":[{\"@type\":\"ListItem\",\"position\":1,\"name\":\"Hjem\",\"item\":\"https:\/\/larsdamkjaer.com\/\"},{\"@type\":\"ListItem\",\"position\":2,\"name\":\"Webshop\",\"item\":\"https:\/\/larsdamkjaer.com\/webshop\/\"},{\"@type\":\"ListItem\",\"position\":3,\"name\":\"Samadhi (Paperback)\"}]},{\"@type\":\"WebSite\",\"@id\":\"https:\/\/larsdamkjaer.com\/#website\",\"url\":\"https:\/\/larsdamkjaer.com\/\",\"name\":\"Lars Damkj\u00e6r\",\"description\":\"Mindre stress, mere n\u00e6rv\u00e6r\",\"publisher\":{\"@id\":\"https:\/\/larsdamkjaer.com\/#organization\"},\"potentialAction\":[{\"@type\":\"SearchAction\",\"target\":{\"@type\":\"EntryPoint\",\"urlTemplate\":\"https:\/\/larsdamkjaer.com\/?s={search_term_string}\"},\"query-input\":{\"@type\":\"PropertyValueSpecification\",\"valueRequired\":true,\"valueName\":\"search_term_string\"}}],\"inLanguage\":\"en-US\"},{\"@type\":\"Organization\",\"@id\":\"https:\/\/larsdamkjaer.com\/#organization\",\"name\":\"N\u00e6rv\u00e6r\",\"url\":\"https:\/\/larsdamkjaer.com\/\",\"logo\":{\"@type\":\"ImageObject\",\"inLanguage\":\"en-US\",\"@id\":\"https:\/\/larsdamkjaer.com\/#\/schema\/logo\/image\/\",\"url\":\"https:\/\/larsdamkjaer.com\/wp-content\/uploads\/2016\/10\/larsdamkjaerlogo.png\",\"contentUrl\":\"https:\/\/larsdamkjaer.com\/wp-content\/uploads\/2016\/10\/larsdamkjaerlogo.png\",\"width\":594,\"height\":125,\"caption\":\"N\u00e6rv\u00e6r\"},\"image\":{\"@id\":\"https:\/\/larsdamkjaer.com\/#\/schema\/logo\/image\/\"},\"sameAs\":[\"https:\/\/www.facebook.com\/mindrestressmerenaervaer\",\"https:\/\/www.instagram.com\/larsdamkjaer\/?hl=da\"]}]}<\/script>\n<!-- \/ Yoast SEO plugin. -->","yoast_head_json":{"title":"Samadhi (Paperback) &#8226; Lars Damkj\u00e6r","description":"Lars Damkj\u00e6rs debutromanen Samadhi er baseret p\u00e5 virkelige h\u00e6ndelser. Samadhi handler om at udleve sine dr\u00f8mme og v\u00e6re tro mod og handle p\u00e5 sine visioner p\u00e5 trods af, og p\u00e5 grund af, en livskrise.","robots":{"index":"index","follow":"follow","max-snippet":"max-snippet:-1","max-image-preview":"max-image-preview:large","max-video-preview":"max-video-preview:-1"},"canonical":"https:\/\/larsdamkjaer.com\/en\/product\/samadhi-paperback\/","og_locale":"en_US","og_type":"article","og_title":"Samadhi (Paperback) &#8226; Lars Damkj\u00e6r","og_description":"Lars Damkj\u00e6rs debutromanen Samadhi er baseret p\u00e5 virkelige h\u00e6ndelser. Samadhi handler om at udleve sine dr\u00f8mme og v\u00e6re tro mod og handle p\u00e5 sine visioner p\u00e5 trods af, og p\u00e5 grund af, en livskrise.","og_url":"https:\/\/larsdamkjaer.com\/en\/product\/samadhi-paperback\/","og_site_name":"Lars Damkj\u00e6r","article_publisher":"https:\/\/www.facebook.com\/mindrestressmerenaervaer","article_modified_time":"2025-08-06T12:42:44+00:00","og_image":[{"width":800,"height":800,"url":"https:\/\/larsdamkjaer.com\/wp-content\/uploads\/2016\/10\/samadhicover.png","type":"image\/png"}],"twitter_card":"summary_large_image","twitter_misc":{"Est. reading time":"2 minutes"},"schema":{"@context":"https:\/\/schema.org","@graph":[{"@type":"WebPage","@id":"https:\/\/larsdamkjaer.com\/vare\/samadhi-paperback\/","url":"https:\/\/larsdamkjaer.com\/vare\/samadhi-paperback\/","name":"Samadhi (Paperback) &#8226; Lars Damkj\u00e6r","isPartOf":{"@id":"https:\/\/larsdamkjaer.com\/#website"},"primaryImageOfPage":{"@id":"https:\/\/larsdamkjaer.com\/vare\/samadhi-paperback\/#primaryimage"},"image":{"@id":"https:\/\/larsdamkjaer.com\/vare\/samadhi-paperback\/#primaryimage"},"thumbnailUrl":"https:\/\/larsdamkjaer.com\/wp-content\/uploads\/2016\/10\/samadhicover.png","datePublished":"2016-10-12T10:32:32+00:00","dateModified":"2025-08-06T12:42:44+00:00","description":"Lars Damkj\u00e6rs debutromanen Samadhi er baseret p\u00e5 virkelige h\u00e6ndelser. Samadhi handler om at udleve sine dr\u00f8mme og v\u00e6re tro mod og handle p\u00e5 sine visioner p\u00e5 trods af, og p\u00e5 grund af, en livskrise.","breadcrumb":{"@id":"https:\/\/larsdamkjaer.com\/vare\/samadhi-paperback\/#breadcrumb"},"inLanguage":"en-US","potentialAction":[{"@type":"ReadAction","target":["https:\/\/larsdamkjaer.com\/vare\/samadhi-paperback\/"]}]},{"@type":"ImageObject","inLanguage":"en-US","@id":"https:\/\/larsdamkjaer.com\/vare\/samadhi-paperback\/#primaryimage","url":"https:\/\/larsdamkjaer.com\/wp-content\/uploads\/2016\/10\/samadhicover.png","contentUrl":"https:\/\/larsdamkjaer.com\/wp-content\/uploads\/2016\/10\/samadhicover.png","width":800,"height":800},{"@type":"BreadcrumbList","@id":"https:\/\/larsdamkjaer.com\/vare\/samadhi-paperback\/#breadcrumb","itemListElement":[{"@type":"ListItem","position":1,"name":"Hjem","item":"https:\/\/larsdamkjaer.com\/"},{"@type":"ListItem","position":2,"name":"Webshop","item":"https:\/\/larsdamkjaer.com\/webshop\/"},{"@type":"ListItem","position":3,"name":"Samadhi (Paperback)"}]},{"@type":"WebSite","@id":"https:\/\/larsdamkjaer.com\/#website","url":"https:\/\/larsdamkjaer.com\/","name":"Lars Damkj\u00e6r","description":"Mindre stress, mere n\u00e6rv\u00e6r","publisher":{"@id":"https:\/\/larsdamkjaer.com\/#organization"},"potentialAction":[{"@type":"SearchAction","target":{"@type":"EntryPoint","urlTemplate":"https:\/\/larsdamkjaer.com\/?s={search_term_string}"},"query-input":{"@type":"PropertyValueSpecification","valueRequired":true,"valueName":"search_term_string"}}],"inLanguage":"en-US"},{"@type":"Organization","@id":"https:\/\/larsdamkjaer.com\/#organization","name":"N\u00e6rv\u00e6r","url":"https:\/\/larsdamkjaer.com\/","logo":{"@type":"ImageObject","inLanguage":"en-US","@id":"https:\/\/larsdamkjaer.com\/#\/schema\/logo\/image\/","url":"https:\/\/larsdamkjaer.com\/wp-content\/uploads\/2016\/10\/larsdamkjaerlogo.png","contentUrl":"https:\/\/larsdamkjaer.com\/wp-content\/uploads\/2016\/10\/larsdamkjaerlogo.png","width":594,"height":125,"caption":"N\u00e6rv\u00e6r"},"image":{"@id":"https:\/\/larsdamkjaer.com\/#\/schema\/logo\/image\/"},"sameAs":["https:\/\/www.facebook.com\/mindrestressmerenaervaer","https:\/\/www.instagram.com\/larsdamkjaer\/?hl=da"]}]}},"_links":{"self":[{"href":"https:\/\/larsdamkjaer.com\/en\/wp-json\/wp\/v2\/product\/6229","targetHints":{"allow":["GET"]}}],"collection":[{"href":"https:\/\/larsdamkjaer.com\/en\/wp-json\/wp\/v2\/product"}],"about":[{"href":"https:\/\/larsdamkjaer.com\/en\/wp-json\/wp\/v2\/types\/product"}],"wp:featuredmedia":[{"embeddable":true,"href":"https:\/\/larsdamkjaer.com\/en\/wp-json\/wp\/v2\/media\/6230"}],"wp:attachment":[{"href":"https:\/\/larsdamkjaer.com\/en\/wp-json\/wp\/v2\/media?parent=6229"}],"wp:term":[{"taxonomy":"product_brand","embeddable":true,"href":"https:\/\/larsdamkjaer.com\/en\/wp-json\/wp\/v2\/product_brand?post=6229"},{"taxonomy":"product_cat","embeddable":true,"href":"https:\/\/larsdamkjaer.com\/en\/wp-json\/wp\/v2\/product_cat?post=6229"},{"taxonomy":"product_tag","embeddable":true,"href":"https:\/\/larsdamkjaer.com\/en\/wp-json\/wp\/v2\/product_tag?post=6229"}],"curies":[{"name":"wp","href":"https:\/\/api.w.org\/{rel}","templated":true}]}}